{"id":1024,"date":"2023-01-03T18:45:17","date_gmt":"2023-01-03T18:45:17","guid":{"rendered":"https:\/\/mirokunote.com\/?page_id=1024"},"modified":"2023-08-19T20:07:44","modified_gmt":"2023-08-19T18:07:44","slug":"reiki-jikiden","status":"publish","type":"page","link":"https:\/\/mirokunote.com\/en\/reiki-jikiden\/","title":{"rendered":"Qu&rsquo;est-ce que le Reiki ?"},"content":{"rendered":"<div data-elementor-type=\"wp-page\" data-elementor-id=\"1024\" class=\"elementor elementor-1024\" data-elementor-post-type=\"page\">\n\t\t\t\t<div class=\"elementor-element elementor-element-332e07f e-con-full e-flex e-con e-parent\" data-id=\"332e07f\" data-element_type=\"container\" data-e-type=\"container\">\n\t\t<div class=\"elementor-element elementor-element-4736484 e-con-full e-flex e-con e-child\" data-id=\"4736484\" data-element_type=\"container\" data-e-type=\"container\">\n\t\t\t\t<div class=\"elementor-element elementor-element-ad58e7f elementor-widget elementor-widget-heading\" data-id=\"ad58e7f\" data-element_type=\"widget\" data-e-type=\"widget\" data-widget_type=\"heading.default\">\n\t\t\t\t<div class=\"elementor-widget-container\">\n\t\t\t\t\t<h4 class=\"elementor-heading-title elementor-size-default\">Reiki Jikiden acts on the physical and emotional aspects.<br> It helps you regain the balance of your immune system.<\/h4>\t\t\t\t<\/div>\n\t\t\t\t<\/div>\n\t\t\t\t<\/div>\n\t\t\t\t<\/div>\n\t\t<div class=\"elementor-element elementor-element-c72600e e-flex e-con-boxed e-con e-parent\" data-id=\"c72600e\" data-element_type=\"container\" data-e-type=\"container\">\n\t\t\t\t\t<div class=\"e-con-inner\">\n\t\t<div class=\"elementor-element elementor-element-9dd66d9 e-con-full e-flex e-con e-child\" data-id=\"9dd66d9\" data-element_type=\"container\" data-e-type=\"container\">\n\t\t<div class=\"elementor-element elementor-element-2d21c00 e-con-full e-flex e-con e-child\" data-id=\"2d21c00\" data-element_type=\"container\" data-e-type=\"container\">\n\t\t\t\t<div class=\"elementor-element elementor-element-bb7a621 elementor-widget elementor-widget-heading\" data-id=\"bb7a621\" data-element_type=\"widget\" data-e-type=\"widget\" data-widget_type=\"heading.default\">\n\t\t\t\t<div class=\"elementor-widget-container\">\n\t\t\t\t\t<h3 class=\"elementor-heading-title elementor-size-default\">Reiki : energy of the mind<\/h3>\t\t\t\t<\/div>\n\t\t\t\t<\/div>\n\t\t\t\t<div class=\"elementor-element elementor-element-dfb30e9 elementor-widget elementor-widget-text-editor\" data-id=\"dfb30e9\" data-element_type=\"widget\" data-e-type=\"widget\" data-widget_type=\"text-editor.default\">\n\t\t\t\t<div class=\"elementor-widget-container\">\n\t\t\t\t\t\t\t\t\t<p>The Reiki Jikiden session is an energy treatment. This technique was developed in Japan by Mikao Usui in 1922 and aims at improving the mind and body. Until the end of the Second World War, a large part of the Japanese population used it.<\/p><p>This treatment improves your body and mind by applying hands to heal painful or anxious areas. It also helps to correct unfavorable habits.<\/p>\t\t\t\t\t\t\t\t<\/div>\n\t\t\t\t<\/div>\n\t\t\t\t<\/div>\n\t\t<div class=\"elementor-element elementor-element-297b7a9 e-con-full e-flex e-con e-child\" data-id=\"297b7a9\" data-element_type=\"container\" data-e-type=\"container\">\n\t\t\t\t<div class=\"elementor-element elementor-element-d543ba4 elementor-widget elementor-widget-image\" data-id=\"d543ba4\" data-element_type=\"widget\" data-e-type=\"widget\" data-widget_type=\"image.default\">\n\t\t\t\t<div class=\"elementor-widget-container\">\n\t\t\t\t\t\t\t\t\t\t\t\t\t\t\t<img fetchpriority=\"high\" decoding=\"async\" width=\"800\" height=\"600\" src=\"https:\/\/mirokunote.com\/wp-content\/uploads\/2023\/08\/Reiki-Jikiden-1024x768.webp\" class=\"attachment-large size-large wp-image-3901\" alt=\"\" srcset=\"https:\/\/mirokunote.com\/wp-content\/uploads\/2023\/08\/Reiki-Jikiden-1024x768.webp 1024w, https:\/\/mirokunote.com\/wp-content\/uploads\/2023\/08\/Reiki-Jikiden-300x225.webp 300w, https:\/\/mirokunote.com\/wp-content\/uploads\/2023\/08\/Reiki-Jikiden-768x576.webp 768w, https:\/\/mirokunote.com\/wp-content\/uploads\/2023\/08\/Reiki-Jikiden-1536x1152.webp 1536w, https:\/\/mirokunote.com\/wp-content\/uploads\/2023\/08\/Reiki-Jikiden-16x12.webp 16w, https:\/\/mirokunote.com\/wp-content\/uploads\/2023\/08\/Reiki-Jikiden.webp 1600w\" sizes=\"(max-width: 800px) 100vw, 800px\" \/>\t\t\t\t\t\t\t\t\t\t\t\t\t\t\t<\/div>\n\t\t\t\t<\/div>\n\t\t\t\t<\/div>\n\t\t\t\t<\/div>\n\t\t<div class=\"elementor-element elementor-element-7362311 e-con-full e-flex e-con e-child\" data-id=\"7362311\" data-element_type=\"container\" data-e-type=\"container\">\n\t\t<div class=\"elementor-element elementor-element-e2e8546 e-con-full e-flex e-con e-child\" data-id=\"e2e8546\" data-element_type=\"container\" data-e-type=\"container\">\n\t\t\t\t<div class=\"elementor-element elementor-element-deab469 elementor-widget elementor-widget-image\" data-id=\"deab469\" data-element_type=\"widget\" data-e-type=\"widget\" data-widget_type=\"image.default\">\n\t\t\t\t<div class=\"elementor-widget-container\">\n\t\t\t\t\t\t\t\t\t\t\t\t\t\t\t<img decoding=\"async\" width=\"800\" height=\"600\" src=\"https:\/\/mirokunote.com\/wp-content\/uploads\/2023\/08\/Fumiyo-Seance-1024x768.webp\" class=\"attachment-large size-large wp-image-3902\" alt=\"Fumiyo Sato, ma\u00eetre Reiki, durant une session\" srcset=\"https:\/\/mirokunote.com\/wp-content\/uploads\/2023\/08\/Fumiyo-Seance-1024x768.webp 1024w, https:\/\/mirokunote.com\/wp-content\/uploads\/2023\/08\/Fumiyo-Seance-300x225.webp 300w, https:\/\/mirokunote.com\/wp-content\/uploads\/2023\/08\/Fumiyo-Seance-768x576.webp 768w, https:\/\/mirokunote.com\/wp-content\/uploads\/2023\/08\/Fumiyo-Seance-1536x1152.webp 1536w, https:\/\/mirokunote.com\/wp-content\/uploads\/2023\/08\/Fumiyo-Seance-16x12.webp 16w, https:\/\/mirokunote.com\/wp-content\/uploads\/2023\/08\/Fumiyo-Seance.webp 1600w\" sizes=\"(max-width: 800px) 100vw, 800px\" \/>\t\t\t\t\t\t\t\t\t\t\t\t\t\t\t<\/div>\n\t\t\t\t<\/div>\n\t\t\t\t<\/div>\n\t\t<div class=\"elementor-element elementor-element-c1c549f e-con-full e-flex e-con e-child\" data-id=\"c1c549f\" data-element_type=\"container\" data-e-type=\"container\">\n\t\t\t\t<div class=\"elementor-element elementor-element-b4e63f5 elementor-widget elementor-widget-heading\" data-id=\"b4e63f5\" data-element_type=\"widget\" data-e-type=\"widget\" data-widget_type=\"heading.default\">\n\t\t\t\t<div class=\"elementor-widget-container\">\n\t\t\t\t\t<h3 class=\"elementor-heading-title elementor-size-default\">D\u00e9roulement d'une s\u00e9ance\u200b<\/h3>\t\t\t\t<\/div>\n\t\t\t\t<\/div>\n\t\t\t\t<div class=\"elementor-element elementor-element-cf72f57 elementor-widget elementor-widget-text-editor\" data-id=\"cf72f57\" data-element_type=\"widget\" data-e-type=\"widget\" data-widget_type=\"text-editor.default\">\n\t\t\t\t<div class=\"elementor-widget-container\">\n\t\t\t\t\t\t\t\t\t<p>Lors de la s\u00e9ance, vous serez allong\u00e9 sur la table de massage (vous restez habill\u00e9), et pr\u00eat \u00e0 vous d\u00e9tendre. Je proc\u00e8de en apposant mes mains sur les zones douloureuses ou anxieuses. Pour plus de confort, j&rsquo;appose un tissu tr\u00e8s fin sp\u00e9cialement sur les yeux et sur les pieds.<\/p>\n<p>En ce qui concerne les s\u00e9ances \u00e0 distance, installez-vous dans une pi\u00e8ce o\u00f9 vous pourrez vous d\u00e9tendre (sur un lit ou canap\u00e9). Pr\u00e9parez une couverture l\u00e9g\u00e8re.<\/p>\t\t\t\t\t\t\t\t<\/div>\n\t\t\t\t<\/div>\n\t\t\t\t<div class=\"elementor-element elementor-element-fab169f elementor-align-left elementor-mobile-align-center elementor-widget elementor-widget-button\" data-id=\"fab169f\" data-element_type=\"widget\" data-e-type=\"widget\" data-widget_type=\"button.default\">\n\t\t\t\t<div class=\"elementor-widget-container\">\n\t\t\t\t\t\t\t\t\t<div class=\"elementor-button-wrapper\">\n\t\t\t\t\t<a class=\"elementor-button elementor-button-link elementor-size-md elementor-animation-grow\" href=\"https:\/\/mirokunote.com\/en\/reservations\/\">\n\t\t\t\t\t\t<span class=\"elementor-button-content-wrapper\">\n\t\t\t\t\t\t\t\t\t<span class=\"elementor-button-text\">Book a session<\/span>\n\t\t\t\t\t<\/span>\n\t\t\t\t\t<\/a>\n\t\t\t\t<\/div>\n\t\t\t\t\t\t\t\t<\/div>\n\t\t\t\t<\/div>\n\t\t\t\t<\/div>\n\t\t\t\t<\/div>\n\t\t<div class=\"elementor-element elementor-element-925d28b e-con-full e-flex e-con e-child\" data-id=\"925d28b\" data-element_type=\"container\" data-e-type=\"container\">\n\t\t<div class=\"elementor-element elementor-element-5e00686 e-con-full e-flex e-con e-child\" data-id=\"5e00686\" data-element_type=\"container\" data-e-type=\"container\">\n\t\t\t\t<div class=\"elementor-element elementor-element-eea66a4 elementor-widget elementor-widget-heading\" data-id=\"eea66a4\" data-element_type=\"widget\" data-e-type=\"widget\" data-widget_type=\"heading.default\">\n\t\t\t\t<div class=\"elementor-widget-container\">\n\t\t\t\t\t<h3 class=\"elementor-heading-title elementor-size-default\">Traitements et s\u00e9minaires\u200b<\/h3>\t\t\t\t<\/div>\n\t\t\t\t<\/div>\n\t\t\t\t<div class=\"elementor-element elementor-element-91e3524 elementor-widget elementor-widget-text-editor\" data-id=\"91e3524\" data-element_type=\"widget\" data-e-type=\"widget\" data-widget_type=\"text-editor.default\">\n\t\t\t\t<div class=\"elementor-widget-container\">\n\t\t\t\t\t\t\t\t\t<p>All sessions are individual and must be booked in advance. Face-to-face sessions take place on Saturday afternoons at the PHYSIORATECH care center (Lomme). Remote sessions are available every day of the week.<\/p><p>It is also possible to participate in reiki training seminars. These seminars are organized in Paris and Lille (groups of 2 to 6 participants).<\/p>\t\t\t\t\t\t\t\t<\/div>\n\t\t\t\t<\/div>\n\t\t\t\t<\/div>\n\t\t<div class=\"elementor-element elementor-element-f836c90 e-con-full e-flex e-con e-child\" data-id=\"f836c90\" data-element_type=\"container\" data-e-type=\"container\">\n\t\t\t\t<div class=\"elementor-element elementor-element-673f561 elementor-widget elementor-widget-image\" data-id=\"673f561\" data-element_type=\"widget\" data-e-type=\"widget\" data-widget_type=\"image.default\">\n\t\t\t\t<div class=\"elementor-widget-container\">\n\t\t\t\t\t\t\t\t\t\t\t\t\t\t\t<img decoding=\"async\" width=\"800\" height=\"600\" src=\"https:\/\/mirokunote.com\/wp-content\/uploads\/2023\/08\/Traitement-Reiki-1024x768.webp\" class=\"attachment-large size-large wp-image-3903\" alt=\"Traitement de Reiki avec Fumiyo - Mirokunote\" srcset=\"https:\/\/mirokunote.com\/wp-content\/uploads\/2023\/08\/Traitement-Reiki-1024x768.webp 1024w, https:\/\/mirokunote.com\/wp-content\/uploads\/2023\/08\/Traitement-Reiki-300x225.webp 300w, https:\/\/mirokunote.com\/wp-content\/uploads\/2023\/08\/Traitement-Reiki-768x576.webp 768w, https:\/\/mirokunote.com\/wp-content\/uploads\/2023\/08\/Traitement-Reiki-1536x1152.webp 1536w, https:\/\/mirokunote.com\/wp-content\/uploads\/2023\/08\/Traitement-Reiki-16x12.webp 16w, https:\/\/mirokunote.com\/wp-content\/uploads\/2023\/08\/Traitement-Reiki.webp 1600w\" sizes=\"(max-width: 800px) 100vw, 800px\" \/>\t\t\t\t\t\t\t\t\t\t\t\t\t\t\t<\/div>\n\t\t\t\t<\/div>\n\t\t\t\t<\/div>\n\t\t\t\t<\/div>\n\t\t\t\t\t<\/div>\n\t\t\t\t<\/div>\n\t\t\t\t<\/div>","protected":false},"excerpt":{"rendered":"<p>Le Reiki Jikiden agit sur les aspects physiques et \u00e9motionnels. Il vous aide ?a retrouver l&rsquo;\u00e9quilibre de votre syst\u00e8me immunitaire.<\/p>","protected":false},"author":1,"featured_media":0,"parent":0,"menu_order":0,"comment_status":"closed","ping_status":"closed","template":"elementor_header_footer","meta":{"footnotes":""},"class_list":["post-1024","page","type-page","status-publish","hentry"],"yoast_head":"<!-- This site is optimized with the Yoast SEO plugin v26.8 - https:\/\/yoast.com\/product\/yoast-seo-wordpress\/ -->\n<title>Qu&#039;est-ce que le Reiki ? - Mirokunote<\/title>\n<meta name=\"description\" content=\"Apprenez-en plus sur le Reiki : une th\u00e9rapie holistique de gu\u00e9rison \u00e9nerg\u00e9tique bas\u00e9e sur l&#039;utilisation de l&#039;\u00e9nergie universelle.\" \/>\n<meta name=\"robots\" content=\"index, follow, max-snippet:-1, max-image-preview:large, max-video-preview:-1\" \/>\n<link rel=\"canonical\" href=\"https:\/\/mirokunote.com\/en\/reiki-jikiden\/\" \/>\n<meta property=\"og:locale\" content=\"en_US\" \/>\n<meta property=\"og:type\" content=\"article\" \/>\n<meta property=\"og:title\" content=\"Qu&#039;est-ce que le Reiki ? - Mirokunote\" \/>\n<meta property=\"og:description\" content=\"Apprenez-en plus sur le Reiki : une th\u00e9rapie holistique de gu\u00e9rison \u00e9nerg\u00e9tique bas\u00e9e sur l&#039;utilisation de l&#039;\u00e9nergie universelle.\" \/>\n<meta property=\"og:url\" content=\"https:\/\/mirokunote.com\/en\/reiki-jikiden\/\" \/>\n<meta property=\"og:site_name\" content=\"Mirokunote\" \/>\n<meta property=\"article:modified_time\" content=\"2023-08-19T18:07:44+00:00\" \/>\n<meta property=\"og:image\" content=\"https:\/\/mirokunote.com\/wp-content\/uploads\/2023\/08\/Reiki-Jikiden-1024x768.webp\" \/>\n<meta name=\"twitter:card\" content=\"summary_large_image\" \/>\n<meta name=\"twitter:label1\" content=\"Est. reading time\" \/>\n\t<meta name=\"twitter:data1\" content=\"2 minutes\" \/>\n<script type=\"application\/ld+json\" class=\"yoast-schema-graph\">{\"@context\":\"https:\/\/schema.org\",\"@graph\":[{\"@type\":\"WebPage\",\"@id\":\"https:\/\/mirokunote.com\/reiki-jikiden\/\",\"url\":\"https:\/\/mirokunote.com\/reiki-jikiden\/\",\"name\":\"Qu'est-ce que le Reiki ? - Mirokunote\",\"isPartOf\":{\"@id\":\"https:\/\/mirokunote.com\/#website\"},\"primaryImageOfPage\":{\"@id\":\"https:\/\/mirokunote.com\/reiki-jikiden\/#primaryimage\"},\"image\":{\"@id\":\"https:\/\/mirokunote.com\/reiki-jikiden\/#primaryimage\"},\"thumbnailUrl\":\"https:\/\/mirokunote.com\/wp-content\/uploads\/2023\/08\/Reiki-Jikiden-1024x768.webp\",\"datePublished\":\"2023-01-03T18:45:17+00:00\",\"dateModified\":\"2023-08-19T18:07:44+00:00\",\"description\":\"Apprenez-en plus sur le Reiki : une th\u00e9rapie holistique de gu\u00e9rison \u00e9nerg\u00e9tique bas\u00e9e sur l'utilisation de l'\u00e9nergie universelle.\",\"breadcrumb\":{\"@id\":\"https:\/\/mirokunote.com\/reiki-jikiden\/#breadcrumb\"},\"inLanguage\":\"en-US\",\"potentialAction\":[{\"@type\":\"ReadAction\",\"target\":[\"https:\/\/mirokunote.com\/reiki-jikiden\/\"]}]},{\"@type\":\"ImageObject\",\"inLanguage\":\"en-US\",\"@id\":\"https:\/\/mirokunote.com\/reiki-jikiden\/#primaryimage\",\"url\":\"https:\/\/mirokunote.com\/wp-content\/uploads\/2023\/08\/Reiki-Jikiden-1024x768.webp\",\"contentUrl\":\"https:\/\/mirokunote.com\/wp-content\/uploads\/2023\/08\/Reiki-Jikiden-1024x768.webp\"},{\"@type\":\"BreadcrumbList\",\"@id\":\"https:\/\/mirokunote.com\/reiki-jikiden\/#breadcrumb\",\"itemListElement\":[{\"@type\":\"ListItem\",\"position\":1,\"name\":\"Accueil\",\"item\":\"https:\/\/mirokunote.com\/\"},{\"@type\":\"ListItem\",\"position\":2,\"name\":\"Qu&rsquo;est-ce que le Reiki ?\"}]},{\"@type\":\"WebSite\",\"@id\":\"https:\/\/mirokunote.com\/#website\",\"url\":\"https:\/\/mirokunote.com\/\",\"name\":\"Mirokunote\",\"description\":\"Laissez la nature vous combler !\",\"publisher\":{\"@id\":\"https:\/\/mirokunote.com\/#organization\"},\"potentialAction\":[{\"@type\":\"SearchAction\",\"target\":{\"@type\":\"EntryPoint\",\"urlTemplate\":\"https:\/\/mirokunote.com\/?s={search_term_string}\"},\"query-input\":{\"@type\":\"PropertyValueSpecification\",\"valueRequired\":true,\"valueName\":\"search_term_string\"}}],\"inLanguage\":\"en-US\"},{\"@type\":\"Organization\",\"@id\":\"https:\/\/mirokunote.com\/#organization\",\"name\":\"Mirokunote\",\"url\":\"https:\/\/mirokunote.com\/\",\"logo\":{\"@type\":\"ImageObject\",\"inLanguage\":\"en-US\",\"@id\":\"https:\/\/mirokunote.com\/#\/schema\/logo\/image\/\",\"url\":\"https:\/\/mirokunote.com\/wp-content\/uploads\/2022\/12\/MIROKUNOTE-LOGO.png\",\"contentUrl\":\"https:\/\/mirokunote.com\/wp-content\/uploads\/2022\/12\/MIROKUNOTE-LOGO.png\",\"width\":1801,\"height\":1801,\"caption\":\"Mirokunote\"},\"image\":{\"@id\":\"https:\/\/mirokunote.com\/#\/schema\/logo\/image\/\"}}]}<\/script>\n<!-- \/ Yoast SEO plugin. -->","yoast_head_json":{"title":"Qu'est-ce que le Reiki ? - Mirokunote","description":"Apprenez-en plus sur le Reiki : une th\u00e9rapie holistique de gu\u00e9rison \u00e9nerg\u00e9tique bas\u00e9e sur l'utilisation de l'\u00e9nergie universelle.","robots":{"index":"index","follow":"follow","max-snippet":"max-snippet:-1","max-image-preview":"max-image-preview:large","max-video-preview":"max-video-preview:-1"},"canonical":"https:\/\/mirokunote.com\/en\/reiki-jikiden\/","og_locale":"en_US","og_type":"article","og_title":"Qu'est-ce que le Reiki ? - Mirokunote","og_description":"Apprenez-en plus sur le Reiki : une th\u00e9rapie holistique de gu\u00e9rison \u00e9nerg\u00e9tique bas\u00e9e sur l'utilisation de l'\u00e9nergie universelle.","og_url":"https:\/\/mirokunote.com\/en\/reiki-jikiden\/","og_site_name":"Mirokunote","article_modified_time":"2023-08-19T18:07:44+00:00","og_image":[{"url":"https:\/\/mirokunote.com\/wp-content\/uploads\/2023\/08\/Reiki-Jikiden-1024x768.webp","type":"","width":"","height":""}],"twitter_card":"summary_large_image","twitter_misc":{"Est. reading time":"2 minutes"},"schema":{"@context":"https:\/\/schema.org","@graph":[{"@type":"WebPage","@id":"https:\/\/mirokunote.com\/reiki-jikiden\/","url":"https:\/\/mirokunote.com\/reiki-jikiden\/","name":"Qu'est-ce que le Reiki ? - Mirokunote","isPartOf":{"@id":"https:\/\/mirokunote.com\/#website"},"primaryImageOfPage":{"@id":"https:\/\/mirokunote.com\/reiki-jikiden\/#primaryimage"},"image":{"@id":"https:\/\/mirokunote.com\/reiki-jikiden\/#primaryimage"},"thumbnailUrl":"https:\/\/mirokunote.com\/wp-content\/uploads\/2023\/08\/Reiki-Jikiden-1024x768.webp","datePublished":"2023-01-03T18:45:17+00:00","dateModified":"2023-08-19T18:07:44+00:00","description":"Apprenez-en plus sur le Reiki : une th\u00e9rapie holistique de gu\u00e9rison \u00e9nerg\u00e9tique bas\u00e9e sur l'utilisation de l'\u00e9nergie universelle.","breadcrumb":{"@id":"https:\/\/mirokunote.com\/reiki-jikiden\/#breadcrumb"},"inLanguage":"en-US","potentialAction":[{"@type":"ReadAction","target":["https:\/\/mirokunote.com\/reiki-jikiden\/"]}]},{"@type":"ImageObject","inLanguage":"en-US","@id":"https:\/\/mirokunote.com\/reiki-jikiden\/#primaryimage","url":"https:\/\/mirokunote.com\/wp-content\/uploads\/2023\/08\/Reiki-Jikiden-1024x768.webp","contentUrl":"https:\/\/mirokunote.com\/wp-content\/uploads\/2023\/08\/Reiki-Jikiden-1024x768.webp"},{"@type":"BreadcrumbList","@id":"https:\/\/mirokunote.com\/reiki-jikiden\/#breadcrumb","itemListElement":[{"@type":"ListItem","position":1,"name":"Accueil","item":"https:\/\/mirokunote.com\/"},{"@type":"ListItem","position":2,"name":"Qu&rsquo;est-ce que le Reiki ?"}]},{"@type":"WebSite","@id":"https:\/\/mirokunote.com\/#website","url":"https:\/\/mirokunote.com\/","name":"Mirokunote","description":"Laissez la nature vous combler !","publisher":{"@id":"https:\/\/mirokunote.com\/#organization"},"potentialAction":[{"@type":"SearchAction","target":{"@type":"EntryPoint","urlTemplate":"https:\/\/mirokunote.com\/?s={search_term_string}"},"query-input":{"@type":"PropertyValueSpecification","valueRequired":true,"valueName":"search_term_string"}}],"inLanguage":"en-US"},{"@type":"Organization","@id":"https:\/\/mirokunote.com\/#organization","name":"Mirokunote","url":"https:\/\/mirokunote.com\/","logo":{"@type":"ImageObject","inLanguage":"en-US","@id":"https:\/\/mirokunote.com\/#\/schema\/logo\/image\/","url":"https:\/\/mirokunote.com\/wp-content\/uploads\/2022\/12\/MIROKUNOTE-LOGO.png","contentUrl":"https:\/\/mirokunote.com\/wp-content\/uploads\/2022\/12\/MIROKUNOTE-LOGO.png","width":1801,"height":1801,"caption":"Mirokunote"},"image":{"@id":"https:\/\/mirokunote.com\/#\/schema\/logo\/image\/"}}]}},"_links":{"self":[{"href":"https:\/\/mirokunote.com\/en\/wp-json\/wp\/v2\/pages\/1024","targetHints":{"allow":["GET"]}}],"collection":[{"href":"https:\/\/mirokunote.com\/en\/wp-json\/wp\/v2\/pages"}],"about":[{"href":"https:\/\/mirokunote.com\/en\/wp-json\/wp\/v2\/types\/page"}],"author":[{"embeddable":true,"href":"https:\/\/mirokunote.com\/en\/wp-json\/wp\/v2\/users\/1"}],"replies":[{"embeddable":true,"href":"https:\/\/mirokunote.com\/en\/wp-json\/wp\/v2\/comments?post=1024"}],"version-history":[{"count":0,"href":"https:\/\/mirokunote.com\/en\/wp-json\/wp\/v2\/pages\/1024\/revisions"}],"wp:attachment":[{"href":"https:\/\/mirokunote.com\/en\/wp-json\/wp\/v2\/media?parent=1024"}],"curies":[{"name":"wp","href":"https:\/\/api.w.org\/{rel}","templated":true}]}}