{"id":1026,"date":"2023-01-03T18:45:32","date_gmt":"2023-01-03T18:45:32","guid":{"rendered":"https:\/\/mirokunote.com\/?page_id=1026"},"modified":"2023-01-31T12:25:58","modified_gmt":"2023-01-31T12:25:58","slug":"produits","status":"publish","type":"page","link":"https:\/\/mirokunote.com\/en\/produits\/","title":{"rendered":"Products"},"content":{"rendered":"<div data-elementor-type=\"wp-page\" data-elementor-id=\"1026\" class=\"elementor elementor-1026\" data-elementor-post-type=\"page\">\n\t\t\t\t<div class=\"elementor-element elementor-element-1f20361 elementor-hidden-tablet elementor-hidden-mobile e-flex e-con-boxed e-con e-parent\" data-id=\"1f20361\" data-element_type=\"container\" data-e-type=\"container\">\n\t\t\t\t\t<div class=\"e-con-inner\">\n\t\t<div class=\"elementor-element elementor-element-9b60179 e-con-full e-flex e-con e-child\" data-id=\"9b60179\" data-element_type=\"container\" data-e-type=\"container\">\n\t\t<div class=\"elementor-element elementor-element-057a630 e-con-full elementor-widget-wrap e-flex e-con e-child\" data-id=\"057a630\" data-element_type=\"container\" data-e-type=\"container\" data-settings=\"{&quot;background_background&quot;:&quot;classic&quot;}\">\n\t\t\t\t<div class=\"elementor-element elementor-element-489ca6a elementor-widget elementor-widget-image\" data-id=\"489ca6a\" data-element_type=\"widget\" data-e-type=\"widget\" data-widget_type=\"image.default\">\n\t\t\t\t<div class=\"elementor-widget-container\">\n\t\t\t\t\t\t\t\t\t\t\t\t\t\t\t<img decoding=\"async\" src=\"https:\/\/mirokunote.com\/wp-content\/uploads\/elementor\/thumbs\/ATOMY-q0zzklf44ar82a04gq8bmjo1zcax324mvyg9oyg3ww.jpeg\" title=\"ATOMY\" alt=\"ATOMY\" loading=\"lazy\" \/>\t\t\t\t\t\t\t\t\t\t\t\t\t\t\t<\/div>\n\t\t\t\t<\/div>\n\t\t\t\t<div class=\"elementor-element elementor-element-f97851a elementor-widget elementor-widget-heading\" data-id=\"f97851a\" data-element_type=\"widget\" data-e-type=\"widget\" data-widget_type=\"heading.default\">\n\t\t\t\t<div class=\"elementor-widget-container\">\n\t\t\t\t\t<h2 class=\"elementor-heading-title elementor-size-default\">Atomy<\/h2>\t\t\t\t<\/div>\n\t\t\t\t<\/div>\n\t\t\t\t<div class=\"elementor-element elementor-element-d9193e7 elementor-widget-divider--view-line elementor-widget elementor-widget-divider\" data-id=\"d9193e7\" data-element_type=\"widget\" data-e-type=\"widget\" data-widget_type=\"divider.default\">\n\t\t\t\t<div class=\"elementor-widget-container\">\n\t\t\t\t\t\t\t<div class=\"elementor-divider\">\n\t\t\t<span class=\"elementor-divider-separator\">\n\t\t\t\t\t\t<\/span>\n\t\t<\/div>\n\t\t\t\t\t\t<\/div>\n\t\t\t\t<\/div>\n\t\t\t\t<div class=\"elementor-element elementor-element-3ec92a9 elementor-widget elementor-widget-text-editor\" data-id=\"3ec92a9\" data-element_type=\"widget\" data-e-type=\"widget\" data-widget_type=\"text-editor.default\">\n\t\t\t\t<div class=\"elementor-widget-container\">\n\t\t\t\t\t\t\t\t\t<p>Natural Korean cosmetics<\/p>\t\t\t\t\t\t\t\t<\/div>\n\t\t\t\t<\/div>\n\t\t\t\t<\/div>\n\t\t<div class=\"elementor-element elementor-element-983f93a e-con-full texte-marque e-flex e-con e-child\" data-id=\"983f93a\" data-element_type=\"container\" data-e-type=\"container\" data-settings=\"{&quot;background_background&quot;:&quot;classic&quot;}\">\n\t\t\t\t<div class=\"elementor-element elementor-element-a5e6be4 atomy elementor-widget elementor-widget-text-editor\" data-id=\"a5e6be4\" data-element_type=\"widget\" data-e-type=\"widget\" data-widget_type=\"text-editor.default\">\n\t\t\t\t<div class=\"elementor-widget-container\">\n\t\t\t\t\t\t\t\t\tMember of the Atomy group, I benefit from exceptional promotions on these natural products. Contact me <a href=\"https:\/\/mirokunote.com\/en\/contact\/\">through the form<\/a> to get interesting discounts!\t\t\t\t\t\t\t\t<\/div>\n\t\t\t\t<\/div>\n\t\t\t\t<div class=\"elementor-element elementor-element-b1d8699 elementor-align-right elementor-widget elementor-widget-button\" data-id=\"b1d8699\" data-element_type=\"widget\" data-e-type=\"widget\" data-widget_type=\"button.default\">\n\t\t\t\t<div class=\"elementor-widget-container\">\n\t\t\t\t\t\t\t\t\t<div class=\"elementor-button-wrapper\">\n\t\t\t\t\t<a class=\"elementor-button elementor-button-link elementor-size-sm\" href=\"https:\/\/www.atomy.uk\/uk\/Home\/Product\/MallMain\" target=\"_blank\">\n\t\t\t\t\t\t<span class=\"elementor-button-content-wrapper\">\n\t\t\t\t\t\t\t\t\t<span class=\"elementor-button-text\">VISIT WEBSITE<\/span>\n\t\t\t\t\t<\/span>\n\t\t\t\t\t<\/a>\n\t\t\t\t<\/div>\n\t\t\t\t\t\t\t\t<\/div>\n\t\t\t\t<\/div>\n\t\t\t\t<\/div>\n\t\t\t\t<\/div>\n\t\t<div class=\"elementor-element elementor-element-be7867b e-con-full e-flex e-con e-child\" data-id=\"be7867b\" data-element_type=\"container\" data-e-type=\"container\">\n\t\t<div class=\"elementor-element elementor-element-e569f8d e-con-full elementor-widget-wrap e-flex e-con e-child\" data-id=\"e569f8d\" data-element_type=\"container\" data-e-type=\"container\" data-settings=\"{&quot;background_background&quot;:&quot;classic&quot;}\">\n\t\t\t\t<div class=\"elementor-element elementor-element-2ef010e elementor-widget elementor-widget-image\" data-id=\"2ef010e\" data-element_type=\"widget\" data-e-type=\"widget\" data-widget_type=\"image.default\">\n\t\t\t\t<div class=\"elementor-widget-container\">\n\t\t\t\t\t\t\t\t\t\t\t\t\t\t\t<img decoding=\"async\" src=\"https:\/\/mirokunote.com\/wp-content\/uploads\/elementor\/thumbs\/KOSEKI-q106bv1evprqt6n6ydrdfnpomb9q70vs00n5zzr3kg.jpg\" title=\"KOSEKI\" alt=\"KOSEKI\" loading=\"lazy\" \/>\t\t\t\t\t\t\t\t\t\t\t\t\t\t\t<\/div>\n\t\t\t\t<\/div>\n\t\t\t\t<div class=\"elementor-element elementor-element-3b46f7e elementor-widget elementor-widget-heading\" data-id=\"3b46f7e\" data-element_type=\"widget\" data-e-type=\"widget\" data-widget_type=\"heading.default\">\n\t\t\t\t<div class=\"elementor-widget-container\">\n\t\t\t\t\t<h2 class=\"elementor-heading-title elementor-size-default\">Koseki Savon<\/h2>\t\t\t\t<\/div>\n\t\t\t\t<\/div>\n\t\t\t\t<div class=\"elementor-element elementor-element-6bcc1cf elementor-widget-divider--view-line elementor-widget elementor-widget-divider\" data-id=\"6bcc1cf\" data-element_type=\"widget\" data-e-type=\"widget\" data-widget_type=\"divider.default\">\n\t\t\t\t<div class=\"elementor-widget-container\">\n\t\t\t\t\t\t\t<div class=\"elementor-divider\">\n\t\t\t<span class=\"elementor-divider-separator\">\n\t\t\t\t\t\t<\/span>\n\t\t<\/div>\n\t\t\t\t\t\t<\/div>\n\t\t\t\t<\/div>\n\t\t\t\t<div class=\"elementor-element elementor-element-ff47db5 elementor-widget elementor-widget-text-editor\" data-id=\"ff47db5\" data-element_type=\"widget\" data-e-type=\"widget\" data-widget_type=\"text-editor.default\">\n\t\t\t\t<div class=\"elementor-widget-container\">\n\t\t\t\t\t\t\t\t\t<p>HANDCRAFTED SOAP FACTORY<\/p>\t\t\t\t\t\t\t\t<\/div>\n\t\t\t\t<\/div>\n\t\t\t\t<\/div>\n\t\t<div class=\"elementor-element elementor-element-7de129d e-con-full texte-marque e-flex e-con e-child\" data-id=\"7de129d\" data-element_type=\"container\" data-e-type=\"container\" data-settings=\"{&quot;background_background&quot;:&quot;classic&quot;}\">\n\t\t\t\t<div class=\"elementor-element elementor-element-596907d elementor-widget elementor-widget-text-editor\" data-id=\"596907d\" data-element_type=\"widget\" data-e-type=\"widget\" data-widget_type=\"text-editor.default\">\n\t\t\t\t<div class=\"elementor-widget-container\">\n\t\t\t\t\t\t\t\t\t<p>Cold-saponified and made from natural products, Koseki soaps are made with care by Naomi.<\/p>\t\t\t\t\t\t\t\t<\/div>\n\t\t\t\t<\/div>\n\t\t\t\t<div class=\"elementor-element elementor-element-55ec0de elementor-align-right elementor-widget elementor-widget-button\" data-id=\"55ec0de\" data-element_type=\"widget\" data-e-type=\"widget\" data-widget_type=\"button.default\">\n\t\t\t\t<div class=\"elementor-widget-container\">\n\t\t\t\t\t\t\t\t\t<div class=\"elementor-button-wrapper\">\n\t\t\t\t\t<a class=\"elementor-button elementor-button-link elementor-size-sm\" href=\"https:\/\/kosekisavon.fr\/\" target=\"_blank\">\n\t\t\t\t\t\t<span class=\"elementor-button-content-wrapper\">\n\t\t\t\t\t\t\t\t\t<span class=\"elementor-button-text\">VISIT WEBSITE<\/span>\n\t\t\t\t\t<\/span>\n\t\t\t\t\t<\/a>\n\t\t\t\t<\/div>\n\t\t\t\t\t\t\t\t<\/div>\n\t\t\t\t<\/div>\n\t\t\t\t<\/div>\n\t\t\t\t<\/div>\n\t\t\t\t\t<\/div>\n\t\t\t\t<\/div>\n\t\t<div class=\"elementor-element elementor-element-c6fc3a2 elementor-hidden-desktop e-flex e-con-boxed e-con e-parent\" data-id=\"c6fc3a2\" data-element_type=\"container\" data-e-type=\"container\">\n\t\t\t\t\t<div class=\"e-con-inner\">\n\t\t<div class=\"elementor-element elementor-element-ae10f2d e-con-full e-flex e-con e-child\" data-id=\"ae10f2d\" data-element_type=\"container\" data-e-type=\"container\">\n\t\t<div class=\"elementor-element elementor-element-95a7a9f e-con-full e-flex e-con e-child\" data-id=\"95a7a9f\" data-element_type=\"container\" data-e-type=\"container\" data-settings=\"{&quot;background_background&quot;:&quot;classic&quot;}\">\n\t\t\t\t<div class=\"elementor-element elementor-element-0017787 elementor-widget elementor-widget-image\" data-id=\"0017787\" data-element_type=\"widget\" data-e-type=\"widget\" data-widget_type=\"image.default\">\n\t\t\t\t<div class=\"elementor-widget-container\">\n\t\t\t\t\t\t\t\t\t\t\t\t\t\t\t<img decoding=\"async\" src=\"https:\/\/mirokunote.com\/wp-content\/uploads\/elementor\/thumbs\/ATOMY-q0zzklf44ar82a04gq8bmjo1zcax324mvyg9oyg3ww.jpeg\" title=\"ATOMY\" alt=\"ATOMY\" loading=\"lazy\" \/>\t\t\t\t\t\t\t\t\t\t\t\t\t\t\t<\/div>\n\t\t\t\t<\/div>\n\t\t\t\t<div class=\"elementor-element elementor-element-f3708ac elementor-widget elementor-widget-heading\" data-id=\"f3708ac\" data-element_type=\"widget\" data-e-type=\"widget\" data-widget_type=\"heading.default\">\n\t\t\t\t<div class=\"elementor-widget-container\">\n\t\t\t\t\t<h2 class=\"elementor-heading-title elementor-size-default\">Atomy<\/h2>\t\t\t\t<\/div>\n\t\t\t\t<\/div>\n\t\t\t\t<div class=\"elementor-element elementor-element-e514382 elementor-widget-divider--view-line elementor-widget elementor-widget-divider\" data-id=\"e514382\" data-element_type=\"widget\" data-e-type=\"widget\" data-widget_type=\"divider.default\">\n\t\t\t\t<div class=\"elementor-widget-container\">\n\t\t\t\t\t\t\t<div class=\"elementor-divider\">\n\t\t\t<span class=\"elementor-divider-separator\">\n\t\t\t\t\t\t<\/span>\n\t\t<\/div>\n\t\t\t\t\t\t<\/div>\n\t\t\t\t<\/div>\n\t\t\t\t<div class=\"elementor-element elementor-element-6ed266f elementor-widget elementor-widget-text-editor\" data-id=\"6ed266f\" data-element_type=\"widget\" data-e-type=\"widget\" data-widget_type=\"text-editor.default\">\n\t\t\t\t<div class=\"elementor-widget-container\">\n\t\t\t\t\t\t\t\t\t<p>Natural Korean cosmetics<\/p>\t\t\t\t\t\t\t\t<\/div>\n\t\t\t\t<\/div>\n\t\t\t\t<div class=\"elementor-element elementor-element-7003a99 atomy elementor-widget elementor-widget-text-editor\" data-id=\"7003a99\" data-element_type=\"widget\" data-e-type=\"widget\" data-widget_type=\"text-editor.default\">\n\t\t\t\t<div class=\"elementor-widget-container\">\n\t\t\t\t\t\t\t\t\tMember of the Atomy group, I benefit from exceptional promotions on these natural products. Contact me <a href=\"https:\/\/mirokunote.com\/en\/contact\/\">through the form<\/a> to get interesting discounts!\t\t\t\t\t\t\t\t<\/div>\n\t\t\t\t<\/div>\n\t\t\t\t<div class=\"elementor-element elementor-element-89055c5 elementor-align-right elementor-tablet-align-center elementor-widget elementor-widget-button\" data-id=\"89055c5\" data-element_type=\"widget\" data-e-type=\"widget\" data-widget_type=\"button.default\">\n\t\t\t\t<div class=\"elementor-widget-container\">\n\t\t\t\t\t\t\t\t\t<div class=\"elementor-button-wrapper\">\n\t\t\t\t\t<a class=\"elementor-button elementor-button-link elementor-size-sm\" href=\"https:\/\/www.atomy.uk\/uk\/Home\/Product\/MallMain\" target=\"_blank\">\n\t\t\t\t\t\t<span class=\"elementor-button-content-wrapper\">\n\t\t\t\t\t\t\t\t\t<span class=\"elementor-button-text\">VISIT WEBSITE<\/span>\n\t\t\t\t\t<\/span>\n\t\t\t\t\t<\/a>\n\t\t\t\t<\/div>\n\t\t\t\t\t\t\t\t<\/div>\n\t\t\t\t<\/div>\n\t\t\t\t<\/div>\n\t\t\t\t<\/div>\n\t\t<div class=\"elementor-element elementor-element-f8d121e e-con-full e-flex e-con e-child\" data-id=\"f8d121e\" data-element_type=\"container\" data-e-type=\"container\">\n\t\t<div class=\"elementor-element elementor-element-42cfd90 e-con-full e-flex e-con e-child\" data-id=\"42cfd90\" data-element_type=\"container\" data-e-type=\"container\" data-settings=\"{&quot;background_background&quot;:&quot;classic&quot;}\">\n\t\t\t\t<div class=\"elementor-element elementor-element-265f2d3 elementor-widget elementor-widget-image\" data-id=\"265f2d3\" data-element_type=\"widget\" data-e-type=\"widget\" data-widget_type=\"image.default\">\n\t\t\t\t<div class=\"elementor-widget-container\">\n\t\t\t\t\t\t\t\t\t\t\t\t\t\t\t<img decoding=\"async\" src=\"https:\/\/mirokunote.com\/wp-content\/uploads\/elementor\/thumbs\/KOSEKI-q106bv1evprqt6n6ydrdfnpomb9q70vs00n5zzr3kg.jpg\" title=\"KOSEKI\" alt=\"KOSEKI\" loading=\"lazy\" \/>\t\t\t\t\t\t\t\t\t\t\t\t\t\t\t<\/div>\n\t\t\t\t<\/div>\n\t\t\t\t<div class=\"elementor-element elementor-element-749ed22 elementor-widget elementor-widget-heading\" data-id=\"749ed22\" data-element_type=\"widget\" data-e-type=\"widget\" data-widget_type=\"heading.default\">\n\t\t\t\t<div class=\"elementor-widget-container\">\n\t\t\t\t\t<h2 class=\"elementor-heading-title elementor-size-default\">Koseki Savon<\/h2>\t\t\t\t<\/div>\n\t\t\t\t<\/div>\n\t\t\t\t<div class=\"elementor-element elementor-element-a4ac49e elementor-widget-divider--view-line elementor-widget elementor-widget-divider\" data-id=\"a4ac49e\" data-element_type=\"widget\" data-e-type=\"widget\" data-widget_type=\"divider.default\">\n\t\t\t\t<div class=\"elementor-widget-container\">\n\t\t\t\t\t\t\t<div class=\"elementor-divider\">\n\t\t\t<span class=\"elementor-divider-separator\">\n\t\t\t\t\t\t<\/span>\n\t\t<\/div>\n\t\t\t\t\t\t<\/div>\n\t\t\t\t<\/div>\n\t\t\t\t<div class=\"elementor-element elementor-element-cafe8e3 elementor-widget elementor-widget-text-editor\" data-id=\"cafe8e3\" data-element_type=\"widget\" data-e-type=\"widget\" data-widget_type=\"text-editor.default\">\n\t\t\t\t<div class=\"elementor-widget-container\">\n\t\t\t\t\t\t\t\t\t<p>HANDCRAFTED SOAP FACTORY<\/p>\t\t\t\t\t\t\t\t<\/div>\n\t\t\t\t<\/div>\n\t\t\t\t<div class=\"elementor-element elementor-element-c58a352 elementor-widget elementor-widget-text-editor\" data-id=\"c58a352\" data-element_type=\"widget\" data-e-type=\"widget\" data-widget_type=\"text-editor.default\">\n\t\t\t\t<div class=\"elementor-widget-container\">\n\t\t\t\t\t\t\t\t\t<p>Cold-saponified and made from natural products, Koseki soaps are made with care by Naomi.<\/p>\t\t\t\t\t\t\t\t<\/div>\n\t\t\t\t<\/div>\n\t\t\t\t<div class=\"elementor-element elementor-element-2748d0f elementor-align-right elementor-tablet-align-center elementor-widget elementor-widget-button\" data-id=\"2748d0f\" data-element_type=\"widget\" data-e-type=\"widget\" data-widget_type=\"button.default\">\n\t\t\t\t<div class=\"elementor-widget-container\">\n\t\t\t\t\t\t\t\t\t<div class=\"elementor-button-wrapper\">\n\t\t\t\t\t<a class=\"elementor-button elementor-button-link elementor-size-sm\" href=\"https:\/\/kosekisavon.fr\/\" target=\"_blank\">\n\t\t\t\t\t\t<span class=\"elementor-button-content-wrapper\">\n\t\t\t\t\t\t\t\t\t<span class=\"elementor-button-text\">VISIT WEBSITE<\/span>\n\t\t\t\t\t<\/span>\n\t\t\t\t\t<\/a>\n\t\t\t\t<\/div>\n\t\t\t\t\t\t\t\t<\/div>\n\t\t\t\t<\/div>\n\t\t\t\t<\/div>\n\t\t\t\t<\/div>\n\t\t\t\t\t<\/div>\n\t\t\t\t<\/div>\n\t\t\t\t<\/div>","protected":false},"excerpt":{"rendered":"<p>Atomy Cosm\u00e9tiques cor\u00e9ens naturels Membre du groupe Atomy, je b\u00e9n\u00e9ficie de promotions exceptionnelles sur ces produits naturels. Contactez-moi via le formulaire de contact pour b\u00e9n\u00e9ficier de r\u00e9ductions int\u00e9ressantes ! VOIR LE SITE Koseki Savon SAVONNERIE ARTISANALE Saponifi\u00e9s \u00e0 froid et r\u00e9alis\u00e9s \u00e0 partir de produits naturels, les savons Koseki sont fabriqu\u00e9s avec soin par Naomi. [&hellip;]<\/p>\n","protected":false},"author":1,"featured_media":0,"parent":0,"menu_order":0,"comment_status":"closed","ping_status":"closed","template":"elementor_header_footer","meta":{"footnotes":""},"class_list":["post-1026","page","type-page","status-publish","hentry"],"yoast_head":"<!-- This site is optimized with the Yoast SEO plugin v26.8 - https:\/\/yoast.com\/product\/yoast-seo-wordpress\/ -->\n<title>Produits - Mirokunote<\/title>\n<meta name=\"robots\" content=\"index, follow, max-snippet:-1, max-image-preview:large, max-video-preview:-1\" \/>\n<link rel=\"canonical\" href=\"https:\/\/mirokunote.com\/en\/produits\/\" \/>\n<meta property=\"og:locale\" content=\"en_US\" \/>\n<meta property=\"og:type\" content=\"article\" \/>\n<meta property=\"og:title\" content=\"Produits - Mirokunote\" \/>\n<meta property=\"og:description\" content=\"Atomy Cosm\u00e9tiques cor\u00e9ens naturels Membre du groupe Atomy, je b\u00e9n\u00e9ficie de promotions exceptionnelles sur ces produits naturels. Contactez-moi via le formulaire de contact pour b\u00e9n\u00e9ficier de r\u00e9ductions int\u00e9ressantes ! VOIR LE SITE Koseki Savon SAVONNERIE ARTISANALE Saponifi\u00e9s \u00e0 froid et r\u00e9alis\u00e9s \u00e0 partir de produits naturels, les savons Koseki sont fabriqu\u00e9s avec soin par Naomi. [&hellip;]\" \/>\n<meta property=\"og:url\" content=\"https:\/\/mirokunote.com\/en\/produits\/\" \/>\n<meta property=\"og:site_name\" content=\"Mirokunote\" \/>\n<meta property=\"article:modified_time\" content=\"2023-01-31T12:25:58+00:00\" \/>\n<meta property=\"og:image\" content=\"https:\/\/mirokunote.com\/wp-content\/uploads\/elementor\/thumbs\/ATOMY-q0zzklf44ar82a04gq8bmjo1zcax324mvyg9oyg3ww.jpeg\" \/>\n<meta name=\"twitter:card\" content=\"summary_large_image\" \/>\n<meta name=\"twitter:label1\" content=\"Est. reading time\" \/>\n\t<meta name=\"twitter:data1\" content=\"2 minutes\" \/>\n<script type=\"application\/ld+json\" class=\"yoast-schema-graph\">{\"@context\":\"https:\/\/schema.org\",\"@graph\":[{\"@type\":\"WebPage\",\"@id\":\"https:\/\/mirokunote.com\/produits\/\",\"url\":\"https:\/\/mirokunote.com\/produits\/\",\"name\":\"Produits - Mirokunote\",\"isPartOf\":{\"@id\":\"https:\/\/mirokunote.com\/#website\"},\"primaryImageOfPage\":{\"@id\":\"https:\/\/mirokunote.com\/produits\/#primaryimage\"},\"image\":{\"@id\":\"https:\/\/mirokunote.com\/produits\/#primaryimage\"},\"thumbnailUrl\":\"https:\/\/mirokunote.com\/wp-content\/uploads\/elementor\/thumbs\/ATOMY-q0zzklf44ar82a04gq8bmjo1zcax324mvyg9oyg3ww.jpeg\",\"datePublished\":\"2023-01-03T18:45:32+00:00\",\"dateModified\":\"2023-01-31T12:25:58+00:00\",\"breadcrumb\":{\"@id\":\"https:\/\/mirokunote.com\/produits\/#breadcrumb\"},\"inLanguage\":\"en-US\",\"potentialAction\":[{\"@type\":\"ReadAction\",\"target\":[\"https:\/\/mirokunote.com\/produits\/\"]}]},{\"@type\":\"ImageObject\",\"inLanguage\":\"en-US\",\"@id\":\"https:\/\/mirokunote.com\/produits\/#primaryimage\",\"url\":\"https:\/\/mirokunote.com\/wp-content\/uploads\/elementor\/thumbs\/ATOMY-q0zzklf44ar82a04gq8bmjo1zcax324mvyg9oyg3ww.jpeg\",\"contentUrl\":\"https:\/\/mirokunote.com\/wp-content\/uploads\/elementor\/thumbs\/ATOMY-q0zzklf44ar82a04gq8bmjo1zcax324mvyg9oyg3ww.jpeg\"},{\"@type\":\"BreadcrumbList\",\"@id\":\"https:\/\/mirokunote.com\/produits\/#breadcrumb\",\"itemListElement\":[{\"@type\":\"ListItem\",\"position\":1,\"name\":\"Accueil\",\"item\":\"https:\/\/mirokunote.com\/\"},{\"@type\":\"ListItem\",\"position\":2,\"name\":\"Produits\"}]},{\"@type\":\"WebSite\",\"@id\":\"https:\/\/mirokunote.com\/#website\",\"url\":\"https:\/\/mirokunote.com\/\",\"name\":\"Mirokunote\",\"description\":\"Laissez la nature vous combler !\",\"publisher\":{\"@id\":\"https:\/\/mirokunote.com\/#organization\"},\"potentialAction\":[{\"@type\":\"SearchAction\",\"target\":{\"@type\":\"EntryPoint\",\"urlTemplate\":\"https:\/\/mirokunote.com\/?s={search_term_string}\"},\"query-input\":{\"@type\":\"PropertyValueSpecification\",\"valueRequired\":true,\"valueName\":\"search_term_string\"}}],\"inLanguage\":\"en-US\"},{\"@type\":\"Organization\",\"@id\":\"https:\/\/mirokunote.com\/#organization\",\"name\":\"Mirokunote\",\"url\":\"https:\/\/mirokunote.com\/\",\"logo\":{\"@type\":\"ImageObject\",\"inLanguage\":\"en-US\",\"@id\":\"https:\/\/mirokunote.com\/#\/schema\/logo\/image\/\",\"url\":\"https:\/\/mirokunote.com\/wp-content\/uploads\/2022\/12\/MIROKUNOTE-LOGO.png\",\"contentUrl\":\"https:\/\/mirokunote.com\/wp-content\/uploads\/2022\/12\/MIROKUNOTE-LOGO.png\",\"width\":1801,\"height\":1801,\"caption\":\"Mirokunote\"},\"image\":{\"@id\":\"https:\/\/mirokunote.com\/#\/schema\/logo\/image\/\"}}]}<\/script>\n<!-- \/ Yoast SEO plugin. -->","yoast_head_json":{"title":"Produits - Mirokunote","robots":{"index":"index","follow":"follow","max-snippet":"max-snippet:-1","max-image-preview":"max-image-preview:large","max-video-preview":"max-video-preview:-1"},"canonical":"https:\/\/mirokunote.com\/en\/produits\/","og_locale":"en_US","og_type":"article","og_title":"Produits - Mirokunote","og_description":"Atomy Cosm\u00e9tiques cor\u00e9ens naturels Membre du groupe Atomy, je b\u00e9n\u00e9ficie de promotions exceptionnelles sur ces produits naturels. Contactez-moi via le formulaire de contact pour b\u00e9n\u00e9ficier de r\u00e9ductions int\u00e9ressantes ! VOIR LE SITE Koseki Savon SAVONNERIE ARTISANALE Saponifi\u00e9s \u00e0 froid et r\u00e9alis\u00e9s \u00e0 partir de produits naturels, les savons Koseki sont fabriqu\u00e9s avec soin par Naomi. [&hellip;]","og_url":"https:\/\/mirokunote.com\/en\/produits\/","og_site_name":"Mirokunote","article_modified_time":"2023-01-31T12:25:58+00:00","og_image":[{"url":"https:\/\/mirokunote.com\/wp-content\/uploads\/elementor\/thumbs\/ATOMY-q0zzklf44ar82a04gq8bmjo1zcax324mvyg9oyg3ww.jpeg","type":"","width":"","height":""}],"twitter_card":"summary_large_image","twitter_misc":{"Est. reading time":"2 minutes"},"schema":{"@context":"https:\/\/schema.org","@graph":[{"@type":"WebPage","@id":"https:\/\/mirokunote.com\/produits\/","url":"https:\/\/mirokunote.com\/produits\/","name":"Produits - Mirokunote","isPartOf":{"@id":"https:\/\/mirokunote.com\/#website"},"primaryImageOfPage":{"@id":"https:\/\/mirokunote.com\/produits\/#primaryimage"},"image":{"@id":"https:\/\/mirokunote.com\/produits\/#primaryimage"},"thumbnailUrl":"https:\/\/mirokunote.com\/wp-content\/uploads\/elementor\/thumbs\/ATOMY-q0zzklf44ar82a04gq8bmjo1zcax324mvyg9oyg3ww.jpeg","datePublished":"2023-01-03T18:45:32+00:00","dateModified":"2023-01-31T12:25:58+00:00","breadcrumb":{"@id":"https:\/\/mirokunote.com\/produits\/#breadcrumb"},"inLanguage":"en-US","potentialAction":[{"@type":"ReadAction","target":["https:\/\/mirokunote.com\/produits\/"]}]},{"@type":"ImageObject","inLanguage":"en-US","@id":"https:\/\/mirokunote.com\/produits\/#primaryimage","url":"https:\/\/mirokunote.com\/wp-content\/uploads\/elementor\/thumbs\/ATOMY-q0zzklf44ar82a04gq8bmjo1zcax324mvyg9oyg3ww.jpeg","contentUrl":"https:\/\/mirokunote.com\/wp-content\/uploads\/elementor\/thumbs\/ATOMY-q0zzklf44ar82a04gq8bmjo1zcax324mvyg9oyg3ww.jpeg"},{"@type":"BreadcrumbList","@id":"https:\/\/mirokunote.com\/produits\/#breadcrumb","itemListElement":[{"@type":"ListItem","position":1,"name":"Accueil","item":"https:\/\/mirokunote.com\/"},{"@type":"ListItem","position":2,"name":"Produits"}]},{"@type":"WebSite","@id":"https:\/\/mirokunote.com\/#website","url":"https:\/\/mirokunote.com\/","name":"Mirokunote","description":"Laissez la nature vous combler !","publisher":{"@id":"https:\/\/mirokunote.com\/#organization"},"potentialAction":[{"@type":"SearchAction","target":{"@type":"EntryPoint","urlTemplate":"https:\/\/mirokunote.com\/?s={search_term_string}"},"query-input":{"@type":"PropertyValueSpecification","valueRequired":true,"valueName":"search_term_string"}}],"inLanguage":"en-US"},{"@type":"Organization","@id":"https:\/\/mirokunote.com\/#organization","name":"Mirokunote","url":"https:\/\/mirokunote.com\/","logo":{"@type":"ImageObject","inLanguage":"en-US","@id":"https:\/\/mirokunote.com\/#\/schema\/logo\/image\/","url":"https:\/\/mirokunote.com\/wp-content\/uploads\/2022\/12\/MIROKUNOTE-LOGO.png","contentUrl":"https:\/\/mirokunote.com\/wp-content\/uploads\/2022\/12\/MIROKUNOTE-LOGO.png","width":1801,"height":1801,"caption":"Mirokunote"},"image":{"@id":"https:\/\/mirokunote.com\/#\/schema\/logo\/image\/"}}]}},"_links":{"self":[{"href":"https:\/\/mirokunote.com\/en\/wp-json\/wp\/v2\/pages\/1026","targetHints":{"allow":["GET"]}}],"collection":[{"href":"https:\/\/mirokunote.com\/en\/wp-json\/wp\/v2\/pages"}],"about":[{"href":"https:\/\/mirokunote.com\/en\/wp-json\/wp\/v2\/types\/page"}],"author":[{"embeddable":true,"href":"https:\/\/mirokunote.com\/en\/wp-json\/wp\/v2\/users\/1"}],"replies":[{"embeddable":true,"href":"https:\/\/mirokunote.com\/en\/wp-json\/wp\/v2\/comments?post=1026"}],"version-history":[{"count":0,"href":"https:\/\/mirokunote.com\/en\/wp-json\/wp\/v2\/pages\/1026\/revisions"}],"wp:attachment":[{"href":"https:\/\/mirokunote.com\/en\/wp-json\/wp\/v2\/media?parent=1026"}],"curies":[{"name":"wp","href":"https:\/\/api.w.org\/{rel}","templated":true}]}}