{"id":1028,"date":"2023-01-03T18:45:52","date_gmt":"2023-01-03T18:45:52","guid":{"rendered":"https:\/\/mirokunote.com\/?page_id=1028"},"modified":"2023-02-06T07:56:18","modified_gmt":"2023-02-06T07:56:18","slug":"reunions","status":"publish","type":"page","link":"https:\/\/mirokunote.com\/en\/reunions\/","title":{"rendered":"R\u00e9unions de praticiens Reiki"},"content":{"rendered":"\t\t<div data-elementor-type=\"wp-page\" data-elementor-id=\"1028\" class=\"elementor elementor-1028\" data-elementor-post-type=\"page\">\n\t\t\t\t<div class=\"elementor-element elementor-element-6a7a38d5 e-flex e-con-boxed e-con e-parent\" data-id=\"6a7a38d5\" data-element_type=\"container\" data-e-type=\"container\">\n\t\t\t\t\t<div class=\"e-con-inner\">\n\t\t<div class=\"elementor-element elementor-element-6d970971 e-con-full e-flex e-con e-child\" data-id=\"6d970971\" data-element_type=\"container\" data-e-type=\"container\">\n\t\t<div class=\"elementor-element elementor-element-1a579c0 e-con-full e-flex e-con e-child\" data-id=\"1a579c0\" data-element_type=\"container\" data-e-type=\"container\">\n\t\t\t\t<div class=\"elementor-element elementor-element-37b3f3f7 elementor-widget elementor-widget-image\" data-id=\"37b3f3f7\" data-element_type=\"widget\" data-e-type=\"widget\" data-widget_type=\"image.default\">\n\t\t\t\t<div class=\"elementor-widget-container\">\n\t\t\t\t\t\t\t\t\t\t\t\t\t\t\t<img decoding=\"async\" src=\"https:\/\/mirokunote.com\/wp-content\/uploads\/elementor\/thumbs\/CAFE-GOURMAND-q1074ue9d1oqgqwwu4l0w4nnsjktspaot3v3guonpk.jpg\" title=\"CAFE-GOURMAND\" alt=\"CAFE-GOURMAND\" loading=\"lazy\" \/>\t\t\t\t\t\t\t\t\t\t\t\t\t\t\t<\/div>\n\t\t\t\t<\/div>\n\t\t\t\t<div class=\"elementor-element elementor-element-6525f7c7 elementor-widget elementor-widget-heading\" data-id=\"6525f7c7\" data-element_type=\"widget\" data-e-type=\"widget\" data-widget_type=\"heading.default\">\n\t\t\t\t<div class=\"elementor-widget-container\">\n\t\t\t\t\t<h2 class=\"elementor-heading-title elementor-size-default\">\u30ab\u30d5\u30a7\u30b0\u30eb\u30de\u30f3\u7814\u7a76\u4f1a<\/h2>\t\t\t\t<\/div>\n\t\t\t\t<\/div>\n\t\t\t\t<div class=\"elementor-element elementor-element-621a3254 elementor-widget-divider--view-line elementor-widget elementor-widget-divider\" data-id=\"621a3254\" data-element_type=\"widget\" data-e-type=\"widget\" data-widget_type=\"divider.default\">\n\t\t\t\t<div class=\"elementor-widget-container\">\n\t\t\t\t\t\t\t<div class=\"elementor-divider\">\n\t\t\t<span class=\"elementor-divider-separator\">\n\t\t\t\t\t\t<\/span>\n\t\t<\/div>\n\t\t\t\t\t\t<\/div>\n\t\t\t\t<\/div>\n\t\t\t\t<div class=\"elementor-element elementor-element-698489f elementor-widget elementor-widget-text-editor\" data-id=\"698489f\" data-element_type=\"widget\" data-e-type=\"widget\" data-widget_type=\"text-editor.default\">\n\t\t\t\t<div class=\"elementor-widget-container\">\n\t\t\t\t\t\t\t\t\t<p>\u30e1\u30f3\u30d0\u30fc\u30df\u30fc\u30c6\u30a3\u30f3\u30b0<\/p>\t\t\t\t\t\t\t\t<\/div>\n\t\t\t\t<\/div>\n\t\t\t\t<div class=\"elementor-element elementor-element-1f77983 elementor-widget elementor-widget-text-editor\" data-id=\"1f77983\" data-element_type=\"widget\" data-e-type=\"widget\" data-widget_type=\"text-editor.default\">\n\t\t\t\t<div class=\"elementor-widget-container\">\n\t\t\t\t\t\t\t\t\t<p id=\"tw-target-text\" class=\"tw-data-text tw-text-large tw-ta\" dir=\"ltr\" data-placeholder=\"Traduction\">\u3053\u308c\u3089\u306e\u30df\u30fc\u30c6\u30a3\u30f3\u30b0\u306f\u4f1a\u54e1\u9650\u5b9a\u3067\u3059<\/p>\t\t\t\t\t\t\t\t<\/div>\n\t\t\t\t<\/div>\n\t\t\t\t<div class=\"elementor-element elementor-element-6eb39c0 elementor-button-align-stretch elementor-widget elementor-widget-form\" data-id=\"6eb39c0\" data-element_type=\"widget\" data-e-type=\"widget\" data-settings=\"{&quot;step_next_label&quot;:&quot;Suivant&quot;,&quot;step_previous_label&quot;:&quot;Pr\\u00e9c\\u00e9dent&quot;,&quot;button_width&quot;:&quot;100&quot;,&quot;step_type&quot;:&quot;number_text&quot;,&quot;step_icon_shape&quot;:&quot;circle&quot;}\" data-widget_type=\"form.default\">\n\t\t\t\t<div class=\"elementor-widget-container\">\n\t\t\t\t\t\t\t<form class=\"elementor-form\" method=\"post\" name=\"R\u00e9union Reiki\">\n\t\t\t<input type=\"hidden\" name=\"post_id\" value=\"1028\"\/>\n\t\t\t<input type=\"hidden\" name=\"form_id\" value=\"6eb39c0\"\/>\n\t\t\t<input type=\"hidden\" name=\"referer_title\" value=\"R\u00e9unions de praticiens Reiki - Mirokunote\" \/>\n\n\t\t\t\t\t\t\t<input type=\"hidden\" name=\"queried_id\" value=\"1028\"\/>\n\t\t\t\n\t\t\t<div class=\"elementor-form-fields-wrapper elementor-labels-\">\n\t\t\t\t\t\t\t\t<div class=\"elementor-field-type-text elementor-field-group elementor-column elementor-field-group-name elementor-col-100\">\n\t\t\t\t\t\t\t\t\t\t\t\t<label for=\"form-field-name\" class=\"elementor-field-label elementor-screen-only\">\n\t\t\t\t\t\t\t\tNom\t\t\t\t\t\t\t<\/label>\n\t\t\t\t\t\t\t\t\t\t\t\t\t\t<input size=\"1\" type=\"text\" name=\"form_fields[name]\" id=\"form-field-name\" class=\"elementor-field elementor-size-md  elementor-field-textual\" placeholder=\"Nom\">\n\t\t\t\t\t\t\t\t\t\t\t<\/div>\n\t\t\t\t\t\t\t\t<div class=\"elementor-field-type-email elementor-field-group elementor-column elementor-field-group-email elementor-col-100 elementor-field-required\">\n\t\t\t\t\t\t\t\t\t\t\t\t<label for=\"form-field-email\" class=\"elementor-field-label elementor-screen-only\">\n\t\t\t\t\t\t\t\tE-mail\t\t\t\t\t\t\t<\/label>\n\t\t\t\t\t\t\t\t\t\t\t\t\t\t<input size=\"1\" type=\"email\" name=\"form_fields[email]\" id=\"form-field-email\" class=\"elementor-field elementor-size-md  elementor-field-textual\" placeholder=\"E-mail\" required=\"required\">\n\t\t\t\t\t\t\t\t\t\t\t<\/div>\n\t\t\t\t\t\t\t\t<div class=\"elementor-field-type-textarea elementor-field-group elementor-column elementor-field-group-message elementor-col-100\">\n\t\t\t\t\t\t\t\t\t\t\t\t<label for=\"form-field-message\" class=\"elementor-field-label elementor-screen-only\">\n\t\t\t\t\t\t\t\tMessage\t\t\t\t\t\t\t<\/label>\n\t\t\t\t\t\t<textarea class=\"elementor-field-textual elementor-field  elementor-size-md\" name=\"form_fields[message]\" id=\"form-field-message\" rows=\"4\" placeholder=\"Message\"><\/textarea>\t\t\t\t<\/div>\n\t\t\t\t\t\t\t\t<div class=\"elementor-field-group elementor-column elementor-field-type-submit elementor-col-100 e-form__buttons\">\n\t\t\t\t\t<button class=\"elementor-button elementor-size-md\" type=\"submit\">\n\t\t\t\t\t\t<span class=\"elementor-button-content-wrapper\">\n\t\t\t\t\t\t\t\t\t\t\t\t\t\t\t\t\t\t\t\t\t\t<span class=\"elementor-button-text\">JE SOUHAITE PARTICIPER<\/span>\n\t\t\t\t\t\t\t\t\t\t\t\t\t<\/span>\n\t\t\t\t\t<\/button>\n\t\t\t\t<\/div>\n\t\t\t<\/div>\n\t\t<\/form>\n\t\t\t\t\t\t<\/div>\n\t\t\t\t<\/div>\n\t\t\t\t<\/div>\n\t\t\t\t<\/div>\n\t\t<div class=\"elementor-element elementor-element-71e8fc3c e-con-full e-flex e-con e-child\" data-id=\"71e8fc3c\" data-element_type=\"container\" data-e-type=\"container\">\n\t\t<div class=\"elementor-element elementor-element-1ff6003f e-con-full e-flex e-con e-child\" data-id=\"1ff6003f\" data-element_type=\"container\" data-e-type=\"container\">\n\t\t\t\t<div class=\"elementor-element elementor-element-159e14ed elementor-widget elementor-widget-image\" data-id=\"159e14ed\" data-element_type=\"widget\" data-e-type=\"widget\" data-widget_type=\"image.default\">\n\t\t\t\t<div class=\"elementor-widget-container\">\n\t\t\t\t\t\t\t\t\t\t\t\t\t\t\t<img decoding=\"async\" src=\"https:\/\/mirokunote.com\/wp-content\/uploads\/elementor\/thumbs\/reiju-q1duv06da0lz2fjdnhesgjtufxvrfcnayo0s7dijgo.jpg\" title=\"reiju\" alt=\"reiju\" loading=\"lazy\" \/>\t\t\t\t\t\t\t\t\t\t\t\t\t\t\t<\/div>\n\t\t\t\t<\/div>\n\t\t\t\t<div class=\"elementor-element elementor-element-571ffd9a elementor-widget elementor-widget-heading\" data-id=\"571ffd9a\" data-element_type=\"widget\" data-e-type=\"widget\" data-widget_type=\"heading.default\">\n\t\t\t\t<div class=\"elementor-widget-container\">\n\t\t\t\t\t<h2 class=\"elementor-heading-title elementor-size-default\">Reiju Kai<\/h2>\t\t\t\t<\/div>\n\t\t\t\t<\/div>\n\t\t\t\t<div class=\"elementor-element elementor-element-7f252096 elementor-widget-divider--view-line elementor-widget elementor-widget-divider\" data-id=\"7f252096\" data-element_type=\"widget\" data-e-type=\"widget\" data-widget_type=\"divider.default\">\n\t\t\t\t<div class=\"elementor-widget-container\">\n\t\t\t\t\t\t\t<div class=\"elementor-divider\">\n\t\t\t<span class=\"elementor-divider-separator\">\n\t\t\t\t\t\t<\/span>\n\t\t<\/div>\n\t\t\t\t\t\t<\/div>\n\t\t\t\t<\/div>\n\t\t\t\t<div class=\"elementor-element elementor-element-7890bc3e elementor-widget elementor-widget-text-editor\" data-id=\"7890bc3e\" data-element_type=\"widget\" data-e-type=\"widget\" data-widget_type=\"text-editor.default\">\n\t\t\t\t<div class=\"elementor-widget-container\">\n\t\t\t\t\t\t\t\t\t<p>R\u00c9UNIONS POUR LES PRATICIENS<\/p>\t\t\t\t\t\t\t\t<\/div>\n\t\t\t\t<\/div>\n\t\t\t\t<div class=\"elementor-element elementor-element-40522f5 elementor-widget elementor-widget-text-editor\" data-id=\"40522f5\" data-element_type=\"widget\" data-e-type=\"widget\" data-widget_type=\"text-editor.default\">\n\t\t\t\t<div class=\"elementor-widget-container\">\n\t\t\t\t\t\t\t\t\t<p>Ces r\u00e9unions sont ouvertes \u00e0 tous les praticiens.<\/p>\t\t\t\t\t\t\t\t<\/div>\n\t\t\t\t<\/div>\n\t\t\t\t<div class=\"elementor-element elementor-element-d25a0c0 elementor-button-align-stretch elementor-widget elementor-widget-form\" data-id=\"d25a0c0\" data-element_type=\"widget\" data-e-type=\"widget\" data-settings=\"{&quot;step_next_label&quot;:&quot;Suivant&quot;,&quot;step_previous_label&quot;:&quot;Pr\\u00e9c\\u00e9dent&quot;,&quot;button_width&quot;:&quot;100&quot;,&quot;step_type&quot;:&quot;number_text&quot;,&quot;step_icon_shape&quot;:&quot;circle&quot;}\" data-widget_type=\"form.default\">\n\t\t\t\t<div class=\"elementor-widget-container\">\n\t\t\t\t\t\t\t<form class=\"elementor-form\" method=\"post\" name=\"Nouveau formulaire\">\n\t\t\t<input type=\"hidden\" name=\"post_id\" value=\"1028\"\/>\n\t\t\t<input type=\"hidden\" name=\"form_id\" value=\"d25a0c0\"\/>\n\t\t\t<input type=\"hidden\" name=\"referer_title\" value=\"R\u00e9unions de praticiens Reiki - Mirokunote\" \/>\n\n\t\t\t\t\t\t\t<input type=\"hidden\" name=\"queried_id\" value=\"1028\"\/>\n\t\t\t\n\t\t\t<div class=\"elementor-form-fields-wrapper elementor-labels-\">\n\t\t\t\t\t\t\t\t<div class=\"elementor-field-type-text elementor-field-group elementor-column elementor-field-group-name elementor-col-100\">\n\t\t\t\t\t\t\t\t\t\t\t\t<label for=\"form-field-name\" class=\"elementor-field-label elementor-screen-only\">\n\t\t\t\t\t\t\t\tNom\t\t\t\t\t\t\t<\/label>\n\t\t\t\t\t\t\t\t\t\t\t\t\t\t<input size=\"1\" type=\"text\" name=\"form_fields[name]\" id=\"form-field-name\" class=\"elementor-field elementor-size-md  elementor-field-textual\" placeholder=\"Nom\">\n\t\t\t\t\t\t\t\t\t\t\t<\/div>\n\t\t\t\t\t\t\t\t<div class=\"elementor-field-type-email elementor-field-group elementor-column elementor-field-group-email elementor-col-100 elementor-field-required\">\n\t\t\t\t\t\t\t\t\t\t\t\t<label for=\"form-field-email\" class=\"elementor-field-label elementor-screen-only\">\n\t\t\t\t\t\t\t\tE-mail\t\t\t\t\t\t\t<\/label>\n\t\t\t\t\t\t\t\t\t\t\t\t\t\t<input size=\"1\" type=\"email\" name=\"form_fields[email]\" id=\"form-field-email\" class=\"elementor-field elementor-size-md  elementor-field-textual\" placeholder=\"E-mail\" required=\"required\">\n\t\t\t\t\t\t\t\t\t\t\t<\/div>\n\t\t\t\t\t\t\t\t<div class=\"elementor-field-type-textarea elementor-field-group elementor-column elementor-field-group-message elementor-col-100\">\n\t\t\t\t\t\t\t\t\t\t\t\t<label for=\"form-field-message\" class=\"elementor-field-label elementor-screen-only\">\n\t\t\t\t\t\t\t\tMessage\t\t\t\t\t\t\t<\/label>\n\t\t\t\t\t\t<textarea class=\"elementor-field-textual elementor-field  elementor-size-md\" name=\"form_fields[message]\" id=\"form-field-message\" rows=\"4\" placeholder=\"Message\"><\/textarea>\t\t\t\t<\/div>\n\t\t\t\t\t\t\t\t<div class=\"elementor-field-group elementor-column elementor-field-type-submit elementor-col-100 e-form__buttons\">\n\t\t\t\t\t<button class=\"elementor-button elementor-size-md\" type=\"submit\">\n\t\t\t\t\t\t<span class=\"elementor-button-content-wrapper\">\n\t\t\t\t\t\t\t\t\t\t\t\t\t\t\t\t\t\t\t\t\t\t<span class=\"elementor-button-text\">Je souhaite participer<\/span>\n\t\t\t\t\t\t\t\t\t\t\t\t\t<\/span>\n\t\t\t\t\t<\/button>\n\t\t\t\t<\/div>\n\t\t\t<\/div>\n\t\t<\/form>\n\t\t\t\t\t\t<\/div>\n\t\t\t\t<\/div>\n\t\t\t\t<\/div>\n\t\t\t\t<\/div>\n\t\t\t\t\t<\/div>\n\t\t\t\t<\/div>\n\t\t\t\t<\/div>\n\t\t","protected":false},"excerpt":{"rendered":"<p>\u30ab\u30d5\u30a7\u30b0\u30eb\u30de\u30f3\u7814\u7a76\u4f1a \u30e1\u30f3\u30d0\u30fc\u30df\u30fc\u30c6\u30a3\u30f3\u30b0 \u3053\u308c\u3089\u306e\u30df\u30fc\u30c6\u30a3\u30f3\u30b0\u306f\u4f1a\u54e1\u9650\u5b9a\u3067\u3059 Reiju Kai R\u00c9UNIONS POUR LES PRATICIENS Ces r\u00e9unions sont ouvertes \u00e0 tous les praticiens.<\/p>","protected":false},"author":1,"featured_media":0,"parent":0,"menu_order":0,"comment_status":"closed","ping_status":"closed","template":"elementor_header_footer","meta":{"footnotes":""},"class_list":["post-1028","page","type-page","status-publish","hentry"],"yoast_head":"<!-- This site is optimized with the Yoast SEO plugin v26.8 - https:\/\/yoast.com\/product\/yoast-seo-wordpress\/ -->\n<title>R\u00e9unions de praticiens Reiki - Mirokunote<\/title>\n<meta name=\"description\" content=\"Rejoignez notre communaut\u00e9 de praticiens Reiki pour \u00e9changer id\u00e9es, conseils, techniques. Organisez des r\u00e9unions et renforcez vos comp\u00e9tences.\" \/>\n<meta name=\"robots\" content=\"index, follow, max-snippet:-1, max-image-preview:large, max-video-preview:-1\" \/>\n<link rel=\"canonical\" href=\"https:\/\/mirokunote.com\/en\/reunions\/\" \/>\n<meta property=\"og:locale\" content=\"en_US\" \/>\n<meta property=\"og:type\" content=\"article\" \/>\n<meta property=\"og:title\" content=\"R\u00e9unions de praticiens Reiki - Mirokunote\" \/>\n<meta property=\"og:description\" content=\"Rejoignez notre communaut\u00e9 de praticiens Reiki pour \u00e9changer id\u00e9es, conseils, techniques. Organisez des r\u00e9unions et renforcez vos comp\u00e9tences.\" \/>\n<meta property=\"og:url\" content=\"https:\/\/mirokunote.com\/en\/reunions\/\" \/>\n<meta property=\"og:site_name\" content=\"Mirokunote\" \/>\n<meta property=\"article:modified_time\" content=\"2023-02-06T07:56:18+00:00\" \/>\n<meta property=\"og:image\" content=\"https:\/\/mirokunote.com\/wp-content\/uploads\/elementor\/thumbs\/CAFE-GOURMAND-q1074ue9d1oqgqwwu4l0w4nnsjktspaot3v3guonpk.jpg\" \/>\n<meta name=\"twitter:card\" content=\"summary_large_image\" \/>\n<meta name=\"twitter:label1\" content=\"Est. reading time\" \/>\n\t<meta name=\"twitter:data1\" content=\"1 minute\" \/>\n<script type=\"application\/ld+json\" class=\"yoast-schema-graph\">{\"@context\":\"https:\/\/schema.org\",\"@graph\":[{\"@type\":\"WebPage\",\"@id\":\"https:\/\/mirokunote.com\/reunions\/\",\"url\":\"https:\/\/mirokunote.com\/reunions\/\",\"name\":\"R\u00e9unions de praticiens Reiki - Mirokunote\",\"isPartOf\":{\"@id\":\"https:\/\/mirokunote.com\/#website\"},\"primaryImageOfPage\":{\"@id\":\"https:\/\/mirokunote.com\/reunions\/#primaryimage\"},\"image\":{\"@id\":\"https:\/\/mirokunote.com\/reunions\/#primaryimage\"},\"thumbnailUrl\":\"https:\/\/mirokunote.com\/wp-content\/uploads\/elementor\/thumbs\/CAFE-GOURMAND-q1074ue9d1oqgqwwu4l0w4nnsjktspaot3v3guonpk.jpg\",\"datePublished\":\"2023-01-03T18:45:52+00:00\",\"dateModified\":\"2023-02-06T07:56:18+00:00\",\"description\":\"Rejoignez notre communaut\u00e9 de praticiens Reiki pour \u00e9changer id\u00e9es, conseils, techniques. Organisez des r\u00e9unions et renforcez vos comp\u00e9tences.\",\"breadcrumb\":{\"@id\":\"https:\/\/mirokunote.com\/reunions\/#breadcrumb\"},\"inLanguage\":\"en-US\",\"potentialAction\":[{\"@type\":\"ReadAction\",\"target\":[\"https:\/\/mirokunote.com\/reunions\/\"]}]},{\"@type\":\"ImageObject\",\"inLanguage\":\"en-US\",\"@id\":\"https:\/\/mirokunote.com\/reunions\/#primaryimage\",\"url\":\"https:\/\/mirokunote.com\/wp-content\/uploads\/elementor\/thumbs\/CAFE-GOURMAND-q1074ue9d1oqgqwwu4l0w4nnsjktspaot3v3guonpk.jpg\",\"contentUrl\":\"https:\/\/mirokunote.com\/wp-content\/uploads\/elementor\/thumbs\/CAFE-GOURMAND-q1074ue9d1oqgqwwu4l0w4nnsjktspaot3v3guonpk.jpg\"},{\"@type\":\"BreadcrumbList\",\"@id\":\"https:\/\/mirokunote.com\/reunions\/#breadcrumb\",\"itemListElement\":[{\"@type\":\"ListItem\",\"position\":1,\"name\":\"Accueil\",\"item\":\"https:\/\/mirokunote.com\/\"},{\"@type\":\"ListItem\",\"position\":2,\"name\":\"R\u00e9unions de praticiens Reiki\"}]},{\"@type\":\"WebSite\",\"@id\":\"https:\/\/mirokunote.com\/#website\",\"url\":\"https:\/\/mirokunote.com\/\",\"name\":\"Mirokunote\",\"description\":\"Laissez la nature vous combler !\",\"publisher\":{\"@id\":\"https:\/\/mirokunote.com\/#organization\"},\"potentialAction\":[{\"@type\":\"SearchAction\",\"target\":{\"@type\":\"EntryPoint\",\"urlTemplate\":\"https:\/\/mirokunote.com\/?s={search_term_string}\"},\"query-input\":{\"@type\":\"PropertyValueSpecification\",\"valueRequired\":true,\"valueName\":\"search_term_string\"}}],\"inLanguage\":\"en-US\"},{\"@type\":\"Organization\",\"@id\":\"https:\/\/mirokunote.com\/#organization\",\"name\":\"Mirokunote\",\"url\":\"https:\/\/mirokunote.com\/\",\"logo\":{\"@type\":\"ImageObject\",\"inLanguage\":\"en-US\",\"@id\":\"https:\/\/mirokunote.com\/#\/schema\/logo\/image\/\",\"url\":\"https:\/\/mirokunote.com\/wp-content\/uploads\/2022\/12\/MIROKUNOTE-LOGO.png\",\"contentUrl\":\"https:\/\/mirokunote.com\/wp-content\/uploads\/2022\/12\/MIROKUNOTE-LOGO.png\",\"width\":1801,\"height\":1801,\"caption\":\"Mirokunote\"},\"image\":{\"@id\":\"https:\/\/mirokunote.com\/#\/schema\/logo\/image\/\"}}]}<\/script>\n<!-- \/ Yoast SEO plugin. -->","yoast_head_json":{"title":"R\u00e9unions de praticiens Reiki - Mirokunote","description":"Rejoignez notre communaut\u00e9 de praticiens Reiki pour \u00e9changer id\u00e9es, conseils, techniques. Organisez des r\u00e9unions et renforcez vos comp\u00e9tences.","robots":{"index":"index","follow":"follow","max-snippet":"max-snippet:-1","max-image-preview":"max-image-preview:large","max-video-preview":"max-video-preview:-1"},"canonical":"https:\/\/mirokunote.com\/en\/reunions\/","og_locale":"en_US","og_type":"article","og_title":"R\u00e9unions de praticiens Reiki - Mirokunote","og_description":"Rejoignez notre communaut\u00e9 de praticiens Reiki pour \u00e9changer id\u00e9es, conseils, techniques. Organisez des r\u00e9unions et renforcez vos comp\u00e9tences.","og_url":"https:\/\/mirokunote.com\/en\/reunions\/","og_site_name":"Mirokunote","article_modified_time":"2023-02-06T07:56:18+00:00","og_image":[{"url":"https:\/\/mirokunote.com\/wp-content\/uploads\/elementor\/thumbs\/CAFE-GOURMAND-q1074ue9d1oqgqwwu4l0w4nnsjktspaot3v3guonpk.jpg","type":"","width":"","height":""}],"twitter_card":"summary_large_image","twitter_misc":{"Est. reading time":"1 minute"},"schema":{"@context":"https:\/\/schema.org","@graph":[{"@type":"WebPage","@id":"https:\/\/mirokunote.com\/reunions\/","url":"https:\/\/mirokunote.com\/reunions\/","name":"R\u00e9unions de praticiens Reiki - Mirokunote","isPartOf":{"@id":"https:\/\/mirokunote.com\/#website"},"primaryImageOfPage":{"@id":"https:\/\/mirokunote.com\/reunions\/#primaryimage"},"image":{"@id":"https:\/\/mirokunote.com\/reunions\/#primaryimage"},"thumbnailUrl":"https:\/\/mirokunote.com\/wp-content\/uploads\/elementor\/thumbs\/CAFE-GOURMAND-q1074ue9d1oqgqwwu4l0w4nnsjktspaot3v3guonpk.jpg","datePublished":"2023-01-03T18:45:52+00:00","dateModified":"2023-02-06T07:56:18+00:00","description":"Rejoignez notre communaut\u00e9 de praticiens Reiki pour \u00e9changer id\u00e9es, conseils, techniques. Organisez des r\u00e9unions et renforcez vos comp\u00e9tences.","breadcrumb":{"@id":"https:\/\/mirokunote.com\/reunions\/#breadcrumb"},"inLanguage":"en-US","potentialAction":[{"@type":"ReadAction","target":["https:\/\/mirokunote.com\/reunions\/"]}]},{"@type":"ImageObject","inLanguage":"en-US","@id":"https:\/\/mirokunote.com\/reunions\/#primaryimage","url":"https:\/\/mirokunote.com\/wp-content\/uploads\/elementor\/thumbs\/CAFE-GOURMAND-q1074ue9d1oqgqwwu4l0w4nnsjktspaot3v3guonpk.jpg","contentUrl":"https:\/\/mirokunote.com\/wp-content\/uploads\/elementor\/thumbs\/CAFE-GOURMAND-q1074ue9d1oqgqwwu4l0w4nnsjktspaot3v3guonpk.jpg"},{"@type":"BreadcrumbList","@id":"https:\/\/mirokunote.com\/reunions\/#breadcrumb","itemListElement":[{"@type":"ListItem","position":1,"name":"Accueil","item":"https:\/\/mirokunote.com\/"},{"@type":"ListItem","position":2,"name":"R\u00e9unions de praticiens Reiki"}]},{"@type":"WebSite","@id":"https:\/\/mirokunote.com\/#website","url":"https:\/\/mirokunote.com\/","name":"Mirokunote","description":"Laissez la nature vous combler !","publisher":{"@id":"https:\/\/mirokunote.com\/#organization"},"potentialAction":[{"@type":"SearchAction","target":{"@type":"EntryPoint","urlTemplate":"https:\/\/mirokunote.com\/?s={search_term_string}"},"query-input":{"@type":"PropertyValueSpecification","valueRequired":true,"valueName":"search_term_string"}}],"inLanguage":"en-US"},{"@type":"Organization","@id":"https:\/\/mirokunote.com\/#organization","name":"Mirokunote","url":"https:\/\/mirokunote.com\/","logo":{"@type":"ImageObject","inLanguage":"en-US","@id":"https:\/\/mirokunote.com\/#\/schema\/logo\/image\/","url":"https:\/\/mirokunote.com\/wp-content\/uploads\/2022\/12\/MIROKUNOTE-LOGO.png","contentUrl":"https:\/\/mirokunote.com\/wp-content\/uploads\/2022\/12\/MIROKUNOTE-LOGO.png","width":1801,"height":1801,"caption":"Mirokunote"},"image":{"@id":"https:\/\/mirokunote.com\/#\/schema\/logo\/image\/"}}]}},"_links":{"self":[{"href":"https:\/\/mirokunote.com\/en\/wp-json\/wp\/v2\/pages\/1028","targetHints":{"allow":["GET"]}}],"collection":[{"href":"https:\/\/mirokunote.com\/en\/wp-json\/wp\/v2\/pages"}],"about":[{"href":"https:\/\/mirokunote.com\/en\/wp-json\/wp\/v2\/types\/page"}],"author":[{"embeddable":true,"href":"https:\/\/mirokunote.com\/en\/wp-json\/wp\/v2\/users\/1"}],"replies":[{"embeddable":true,"href":"https:\/\/mirokunote.com\/en\/wp-json\/wp\/v2\/comments?post=1028"}],"version-history":[{"count":0,"href":"https:\/\/mirokunote.com\/en\/wp-json\/wp\/v2\/pages\/1028\/revisions"}],"wp:attachment":[{"href":"https:\/\/mirokunote.com\/en\/wp-json\/wp\/v2\/media?parent=1028"}],"curies":[{"name":"wp","href":"https:\/\/api.w.org\/{rel}","templated":true}]}}