{"id":3,"date":"2022-12-19T13:59:36","date_gmt":"2022-12-19T13:59:36","guid":{"rendered":"http:\/\/mirokunote.com\/?page_id=3"},"modified":"2025-02-21T08:47:42","modified_gmt":"2025-02-21T07:47:42","slug":"confidentialite","status":"publish","type":"page","link":"https:\/\/mirokunote.com\/en\/confidentialite\/","title":{"rendered":"Confidentialit\u00e9"},"content":{"rendered":"<div data-elementor-type=\"wp-page\" data-elementor-id=\"3\" class=\"elementor elementor-3\" data-elementor-post-type=\"page\">\n\t\t\t\t\t\t<section class=\"elementor-section elementor-top-section elementor-element elementor-element-61d1568 elementor-section-boxed elementor-section-height-default elementor-section-height-default\" data-id=\"61d1568\" data-element_type=\"section\" data-e-type=\"section\">\n\t\t\t\t\t\t<div class=\"elementor-container elementor-column-gap-default\">\n\t\t\t\t\t<div class=\"elementor-column elementor-col-100 elementor-top-column elementor-element elementor-element-81e1002\" data-id=\"81e1002\" data-element_type=\"column\" data-e-type=\"column\">\n\t\t\t<div class=\"elementor-widget-wrap elementor-element-populated\">\n\t\t\t\t\t\t<div class=\"elementor-element elementor-element-8457acc elementor-widget elementor-widget-heading\" data-id=\"8457acc\" data-element_type=\"widget\" data-e-type=\"widget\" data-widget_type=\"heading.default\">\n\t\t\t\t<div class=\"elementor-widget-container\">\n\t\t\t\t\t<h2 class=\"elementor-heading-title elementor-size-default\">Privacy Policy<\/h2>\t\t\t\t<\/div>\n\t\t\t\t<\/div>\n\t\t\t\t<div class=\"elementor-element elementor-element-3daabca elementor-widget elementor-widget-text-editor\" data-id=\"3daabca\" data-element_type=\"widget\" data-e-type=\"widget\" data-widget_type=\"text-editor.default\">\n\t\t\t\t<div class=\"elementor-widget-container\">\n\t\t\t\t\t\t\t\t\tThis site is protected by reCAPTCHA and the Google\n    <a href=\"https:\/\/policies.google.com\/privacy\">Privacy Policy<\/a> and\n    <a href=\"https:\/\/policies.google.com\/terms\">Terms of Service<\/a> apply.\t\t\t\t\t\t\t\t<\/div>\n\t\t\t\t<\/div>\n\t\t\t\t<div class=\"elementor-element elementor-element-dc8f50b elementor-widget elementor-widget-text-editor\" data-id=\"dc8f50b\" data-element_type=\"widget\" data-e-type=\"widget\" data-widget_type=\"text-editor.default\">\n\t\t\t\t<div class=\"elementor-widget-container\">\n\t\t\t\t\t\t\t\t\t<p><\/p>\n<p style=\"padding: 0px; margin-right: 0px; margin-bottom: 16px; margin-left: 0px; color: #474b4f; font-size: 14px; letter-spacing: normal;\">Le site web mirokunote.com respecte la vie priv\u00e9e de ses utilisateurs et s&rsquo;engage \u00e0 prot\u00e9ger leurs informations personnelles. Cette politique de confidentialit\u00e9 d\u00e9crit les types d&rsquo;informations collect\u00e9es sur notre site et comment elles sont utilis\u00e9es.<\/p>\n<h2 style=\"padding: 0px; margin: 0px 0px 16px; font-weight: bold; color: #474b4f; font-family: Roboto, sans-serif; font-size: 14px; letter-spacing: normal;\">Informations collect\u00e9es :<\/h2>\n<p style=\"padding: 0px; margin-right: 0px; margin-bottom: 16px; margin-left: 0px; color: #474b4f; font-size: 14px; letter-spacing: normal;\">Nous collectons les informations suivantes lorsque vous vous inscrivez ou utilisez notre site: nom, adresse e-mail, informations de paiement et informations de facturation. Nous pouvons \u00e9galement collecter des informations de localisation et des informations de navigation.<\/p>\n<h2 style=\"padding: 0px; margin: 0px 0px 16px; font-weight: bold; color: #474b4f; font-family: Roboto, sans-serif; font-size: 14px; letter-spacing: normal;\">Utilisation des informations :<\/h2>\n<p style=\"padding: 0px; margin-right: 0px; margin-bottom: 16px; margin-left: 0px; color: #474b4f; font-size: 14px; letter-spacing: normal;\">Nous utilisons les informations collect\u00e9es pour fournir et am\u00e9liorer nos services. Nous pouvons \u00e9galement utiliser vos informations pour vous envoyer des mises \u00e0 jour sur nos produits et services et pour vous contacter en cas de besoin.<\/p>\n<h2 style=\"padding: 0px; margin: 0px 0px 16px; font-weight: bold; color: #474b4f; font-family: Roboto, sans-serif; font-size: 14px; letter-spacing: normal;\">Partage des informations<\/h2>\n<p style=\"padding: 0px; margin-right: 0px; margin-bottom: 16px; margin-left: 0px; color: #474b4f; font-size: 14px; letter-spacing: normal;\">Nous ne vendons ni ne partageons vos informations personnelles avec des tiers \u00e0 des fins commerciales. Nous pouvons cependant partager vos informations avec des tiers pour des raisons l\u00e9gales ou pour faire respecter nos conditions d&rsquo;utilisation.<\/p>\n<h2 style=\"padding: 0px; margin: 0px 0px 16px; font-weight: bold; color: #474b4f; font-family: Roboto, sans-serif; font-size: 14px; letter-spacing: normal;\">S\u00e9curit\u00e9 des informations<\/h2>\n<p style=\"padding: 0px; margin-right: 0px; margin-bottom: 16px; margin-left: 0px; color: #474b4f; font-size: 14px; letter-spacing: normal;\">Nous prenons des mesures de s\u00e9curit\u00e9 pour prot\u00e9ger vos informations personnelles contre la perte, l&rsquo;utilisation abusive, l&rsquo;acc\u00e8s non autoris\u00e9, la modification et la divulgation.<\/p>\n<h2 style=\"padding: 0px; margin: 0px 0px 16px; font-weight: bold; color: #474b4f; font-family: Roboto, sans-serif; font-size: 14px; letter-spacing: normal;\">Modifications de la politique de confidentialit\u00e9 :<\/h2>\n<p style=\"padding: 0px; margin-right: 0px; margin-bottom: 16px; margin-left: 0px; color: #474b4f; font-size: 14px; letter-spacing: normal;\">Nous nous r\u00e9servons le droit de modifier cette politique de confidentialit\u00e9 \u00e0 tout moment en publiant une nouvelle version sur notre site web.<\/p>\n<h2 style=\"padding: 0px; margin: 0px 0px 16px; font-weight: bold; color: #474b4f; font-family: Philosoph, sans-serif; font-size: 14px; letter-spacing: normal;\">Contactez-nous<\/h2>\n<p style=\"padding: 0px; margin-right: 0px; margin-bottom: 16px; margin-left: 0px; color: #474b4f; font-size: 14px; letter-spacing: normal;\">Si vous avez des questions sur notre politique de confidentialit\u00e9, veuillez nous contacter \u00e0 l&rsquo;adresse email suivante: fumiyo@mirokunote.com.<\/p>\n<h2 style=\"padding: 0px; margin: 0px 0px 16px; font-weight: bold; color: #474b4f; font-family: Philospher, sans-serif; font-size: 14px; letter-spacing: normal;\">Cette politique est entr\u00e9e en vigueur le 30 janvier 2023.<\/h2>\n<p><\/p>\t\t\t\t\t\t\t\t<\/div>\n\t\t\t\t<\/div>\n\t\t\t\t\t<\/div>\n\t\t<\/div>\n\t\t\t\t\t<\/div>\n\t\t<\/section>\n\t\t\t\t<\/div>","protected":false},"excerpt":{"rendered":"<p>Politique de confidentialit\u00e9 This site is protected by reCAPTCHA and the Google Privacy Policy and Terms of Service apply. Le site web mirokunote.com respecte la vie priv\u00e9e de ses utilisateurs et s&rsquo;engage \u00e0 prot\u00e9ger leurs informations personnelles. Cette politique de confidentialit\u00e9 d\u00e9crit les types d&rsquo;informations collect\u00e9es sur notre site et comment elles sont utilis\u00e9es. Informations [&hellip;]<\/p>\n","protected":false},"author":1,"featured_media":0,"parent":0,"menu_order":0,"comment_status":"closed","ping_status":"open","template":"elementor_header_footer","meta":{"footnotes":""},"class_list":["post-3","page","type-page","status-publish","hentry"],"yoast_head":"<!-- This site is optimized with the Yoast SEO plugin v26.8 - https:\/\/yoast.com\/product\/yoast-seo-wordpress\/ -->\n<title>Confidentialit\u00e9 - Mirokunote<\/title>\n<meta name=\"robots\" content=\"index, follow, max-snippet:-1, max-image-preview:large, max-video-preview:-1\" \/>\n<link rel=\"canonical\" href=\"https:\/\/mirokunote.com\/en\/confidentialite\/\" \/>\n<meta property=\"og:locale\" content=\"en_US\" \/>\n<meta property=\"og:type\" content=\"article\" \/>\n<meta property=\"og:title\" content=\"Confidentialit\u00e9 - Mirokunote\" \/>\n<meta property=\"og:description\" content=\"Politique de confidentialit\u00e9 This site is protected by reCAPTCHA and the Google Privacy Policy and Terms of Service apply. Le site web mirokunote.com respecte la vie priv\u00e9e de ses utilisateurs et s&rsquo;engage \u00e0 prot\u00e9ger leurs informations personnelles. Cette politique de confidentialit\u00e9 d\u00e9crit les types d&rsquo;informations collect\u00e9es sur notre site et comment elles sont utilis\u00e9es. Informations [&hellip;]\" \/>\n<meta property=\"og:url\" content=\"https:\/\/mirokunote.com\/en\/confidentialite\/\" \/>\n<meta property=\"og:site_name\" content=\"Mirokunote\" \/>\n<meta property=\"article:modified_time\" content=\"2025-02-21T07:47:42+00:00\" \/>\n<meta name=\"twitter:card\" content=\"summary_large_image\" \/>\n<meta name=\"twitter:label1\" content=\"Est. reading time\" \/>\n\t<meta name=\"twitter:data1\" content=\"2 minutes\" \/>\n<script type=\"application\/ld+json\" class=\"yoast-schema-graph\">{\"@context\":\"https:\/\/schema.org\",\"@graph\":[{\"@type\":\"WebPage\",\"@id\":\"https:\/\/mirokunote.com\/confidentialite\/\",\"url\":\"https:\/\/mirokunote.com\/confidentialite\/\",\"name\":\"Confidentialit\u00e9 - Mirokunote\",\"isPartOf\":{\"@id\":\"https:\/\/mirokunote.com\/#website\"},\"datePublished\":\"2022-12-19T13:59:36+00:00\",\"dateModified\":\"2025-02-21T07:47:42+00:00\",\"breadcrumb\":{\"@id\":\"https:\/\/mirokunote.com\/confidentialite\/#breadcrumb\"},\"inLanguage\":\"en-US\",\"potentialAction\":[{\"@type\":\"ReadAction\",\"target\":[\"https:\/\/mirokunote.com\/confidentialite\/\"]}]},{\"@type\":\"BreadcrumbList\",\"@id\":\"https:\/\/mirokunote.com\/confidentialite\/#breadcrumb\",\"itemListElement\":[{\"@type\":\"ListItem\",\"position\":1,\"name\":\"Accueil\",\"item\":\"https:\/\/mirokunote.com\/\"},{\"@type\":\"ListItem\",\"position\":2,\"name\":\"Confidentialit\u00e9\"}]},{\"@type\":\"WebSite\",\"@id\":\"https:\/\/mirokunote.com\/#website\",\"url\":\"https:\/\/mirokunote.com\/\",\"name\":\"Mirokunote\",\"description\":\"Laissez la nature vous combler !\",\"publisher\":{\"@id\":\"https:\/\/mirokunote.com\/#organization\"},\"potentialAction\":[{\"@type\":\"SearchAction\",\"target\":{\"@type\":\"EntryPoint\",\"urlTemplate\":\"https:\/\/mirokunote.com\/?s={search_term_string}\"},\"query-input\":{\"@type\":\"PropertyValueSpecification\",\"valueRequired\":true,\"valueName\":\"search_term_string\"}}],\"inLanguage\":\"en-US\"},{\"@type\":\"Organization\",\"@id\":\"https:\/\/mirokunote.com\/#organization\",\"name\":\"Mirokunote\",\"url\":\"https:\/\/mirokunote.com\/\",\"logo\":{\"@type\":\"ImageObject\",\"inLanguage\":\"en-US\",\"@id\":\"https:\/\/mirokunote.com\/#\/schema\/logo\/image\/\",\"url\":\"https:\/\/mirokunote.com\/wp-content\/uploads\/2022\/12\/MIROKUNOTE-LOGO.png\",\"contentUrl\":\"https:\/\/mirokunote.com\/wp-content\/uploads\/2022\/12\/MIROKUNOTE-LOGO.png\",\"width\":1801,\"height\":1801,\"caption\":\"Mirokunote\"},\"image\":{\"@id\":\"https:\/\/mirokunote.com\/#\/schema\/logo\/image\/\"}}]}<\/script>\n<!-- \/ Yoast SEO plugin. -->","yoast_head_json":{"title":"Confidentialit\u00e9 - Mirokunote","robots":{"index":"index","follow":"follow","max-snippet":"max-snippet:-1","max-image-preview":"max-image-preview:large","max-video-preview":"max-video-preview:-1"},"canonical":"https:\/\/mirokunote.com\/en\/confidentialite\/","og_locale":"en_US","og_type":"article","og_title":"Confidentialit\u00e9 - Mirokunote","og_description":"Politique de confidentialit\u00e9 This site is protected by reCAPTCHA and the Google Privacy Policy and Terms of Service apply. Le site web mirokunote.com respecte la vie priv\u00e9e de ses utilisateurs et s&rsquo;engage \u00e0 prot\u00e9ger leurs informations personnelles. Cette politique de confidentialit\u00e9 d\u00e9crit les types d&rsquo;informations collect\u00e9es sur notre site et comment elles sont utilis\u00e9es. Informations [&hellip;]","og_url":"https:\/\/mirokunote.com\/en\/confidentialite\/","og_site_name":"Mirokunote","article_modified_time":"2025-02-21T07:47:42+00:00","twitter_card":"summary_large_image","twitter_misc":{"Est. reading time":"2 minutes"},"schema":{"@context":"https:\/\/schema.org","@graph":[{"@type":"WebPage","@id":"https:\/\/mirokunote.com\/confidentialite\/","url":"https:\/\/mirokunote.com\/confidentialite\/","name":"Confidentialit\u00e9 - Mirokunote","isPartOf":{"@id":"https:\/\/mirokunote.com\/#website"},"datePublished":"2022-12-19T13:59:36+00:00","dateModified":"2025-02-21T07:47:42+00:00","breadcrumb":{"@id":"https:\/\/mirokunote.com\/confidentialite\/#breadcrumb"},"inLanguage":"en-US","potentialAction":[{"@type":"ReadAction","target":["https:\/\/mirokunote.com\/confidentialite\/"]}]},{"@type":"BreadcrumbList","@id":"https:\/\/mirokunote.com\/confidentialite\/#breadcrumb","itemListElement":[{"@type":"ListItem","position":1,"name":"Accueil","item":"https:\/\/mirokunote.com\/"},{"@type":"ListItem","position":2,"name":"Confidentialit\u00e9"}]},{"@type":"WebSite","@id":"https:\/\/mirokunote.com\/#website","url":"https:\/\/mirokunote.com\/","name":"Mirokunote","description":"Laissez la nature vous combler !","publisher":{"@id":"https:\/\/mirokunote.com\/#organization"},"potentialAction":[{"@type":"SearchAction","target":{"@type":"EntryPoint","urlTemplate":"https:\/\/mirokunote.com\/?s={search_term_string}"},"query-input":{"@type":"PropertyValueSpecification","valueRequired":true,"valueName":"search_term_string"}}],"inLanguage":"en-US"},{"@type":"Organization","@id":"https:\/\/mirokunote.com\/#organization","name":"Mirokunote","url":"https:\/\/mirokunote.com\/","logo":{"@type":"ImageObject","inLanguage":"en-US","@id":"https:\/\/mirokunote.com\/#\/schema\/logo\/image\/","url":"https:\/\/mirokunote.com\/wp-content\/uploads\/2022\/12\/MIROKUNOTE-LOGO.png","contentUrl":"https:\/\/mirokunote.com\/wp-content\/uploads\/2022\/12\/MIROKUNOTE-LOGO.png","width":1801,"height":1801,"caption":"Mirokunote"},"image":{"@id":"https:\/\/mirokunote.com\/#\/schema\/logo\/image\/"}}]}},"_links":{"self":[{"href":"https:\/\/mirokunote.com\/en\/wp-json\/wp\/v2\/pages\/3","targetHints":{"allow":["GET"]}}],"collection":[{"href":"https:\/\/mirokunote.com\/en\/wp-json\/wp\/v2\/pages"}],"about":[{"href":"https:\/\/mirokunote.com\/en\/wp-json\/wp\/v2\/types\/page"}],"author":[{"embeddable":true,"href":"https:\/\/mirokunote.com\/en\/wp-json\/wp\/v2\/users\/1"}],"replies":[{"embeddable":true,"href":"https:\/\/mirokunote.com\/en\/wp-json\/wp\/v2\/comments?post=3"}],"version-history":[{"count":3,"href":"https:\/\/mirokunote.com\/en\/wp-json\/wp\/v2\/pages\/3\/revisions"}],"predecessor-version":[{"id":3948,"href":"https:\/\/mirokunote.com\/en\/wp-json\/wp\/v2\/pages\/3\/revisions\/3948"}],"wp:attachment":[{"href":"https:\/\/mirokunote.com\/en\/wp-json\/wp\/v2\/media?parent=3"}],"curies":[{"name":"wp","href":"https:\/\/api.w.org\/{rel}","templated":true}]}}