{"id":404,"date":"2022-12-27T16:19:03","date_gmt":"2022-12-27T16:19:03","guid":{"rendered":"https:\/\/mirokunote.com\/?page_id=404"},"modified":"2023-01-30T12:50:12","modified_gmt":"2023-01-30T12:50:12","slug":"checkout","status":"publish","type":"page","link":"https:\/\/mirokunote.com\/en\/checkout\/","title":{"rendered":"Checkout"},"content":{"rendered":"<div data-elementor-type=\"wp-page\" data-elementor-id=\"404\" class=\"elementor elementor-404\" data-elementor-post-type=\"page\">\n\t\t\t\t<div class=\"elementor-element elementor-element-96b6f85 e-flex e-con-boxed e-con e-parent\" data-id=\"96b6f85\" data-element_type=\"container\" data-e-type=\"container\">\n\t\t\t\t\t<div class=\"e-con-inner\">\n\t\t\t\t<div class=\"elementor-element elementor-element-3c659d3 elementor-widget elementor-widget-heading\" data-id=\"3c659d3\" data-element_type=\"widget\" data-e-type=\"widget\" data-widget_type=\"heading.default\">\n\t\t\t\t<div class=\"elementor-widget-container\">\n\t\t\t\t\t<h2 class=\"elementor-heading-title elementor-size-default\">R\u00e8glement<\/h2>\t\t\t\t<\/div>\n\t\t\t\t<\/div>\n\t\t\t\t\t<\/div>\n\t\t\t\t<\/div>\n\t\t\t\t<\/div>","protected":false},"excerpt":{"rendered":"<p>R\u00e8glement D\u00e9tails de facturation Pr\u00e9nom&nbsp;* Nom&nbsp;* Nom de l\u2019entreprise&nbsp;(facultatif) Pays\/r\u00e9gion&nbsp;*S\u00e9lectionner un pays\/r\u00e9gion\u2026AfghanistanAfrique du Sud\u00c5land IslandsAlbanieAlg\u00e9rieAllemagneAmerican SamoaAndorreAngolaAnguillaAntarctiqueAntigua-et-BarbudaArabie SaouditeArgentineArm\u00e9nieArubaAustralieAutricheAzerbaijanBahamasBahrainBangladeshBarbadesBelauBelgiqueBelizeBeninBermudesBhutanBi\u00e9lorussieBolivieBosnie-Herz\u00e9govineBotswanaBr\u00e9silBruneiBulgarieBurkina FasoBurundiCambodgeCamerounCanadaCap VertChiliChineChristmas IslandChypreColombieComoresCongo (Brazzaville)Congo (Kinshasa)Cor\u00e9e du NordCor\u00e9e du SudCosta RicaC\u00f4te-d\u2019IvoireCroatieCubaCura\u00e7aoDanemarkDjiboutiDominique\u00c9gypte\u00c9mirats Arabes Unis\u00c9quateurErythr\u00e9eEspagneEstonieEswatiniEtats-Unis (USA)\u00c9thiopieFidjiFinlandeFranceGabonGambieG\u00e9orgieG\u00e9orgie du Sud \/ \u00eeles SandwichGhanaGibraltarGr\u00e8ceGrenadeGroenlandGuadeloupeGuamGuatemalaGuerneseyGuin\u00e9eGuin\u00e9e \u00e9quatorialeGuin\u00e9e-BissauGuyaneGuyane Fran\u00e7aiseHa\u00eftiHondurasHong KongHongrie\u00cele Bouvet\u00cele de Man\u00cele Norfolk\u00celes Ca\u00efmans\u00celes Cocos\u00celes Cook\u00celes Falkland\u00celes F\u00e9ro\u00e9\u00celes Heard-et-MacDonald\u00celes Marshall\u00celes Mineures \u00e9loign\u00e9es des \u00c9tats-Unis\u00celes Salomon\u00celes Turques [&hellip;]<\/p>\n","protected":false},"author":1,"featured_media":0,"parent":0,"menu_order":0,"comment_status":"closed","ping_status":"closed","template":"elementor_header_footer","meta":{"footnotes":""},"class_list":["post-404","page","type-page","status-publish","hentry"],"yoast_head":"<!-- This site is optimized with the Yoast SEO plugin v26.8 - https:\/\/yoast.com\/product\/yoast-seo-wordpress\/ -->\n<title>Checkout - Mirokunote<\/title>\n<meta name=\"robots\" content=\"index, follow, max-snippet:-1, max-image-preview:large, max-video-preview:-1\" \/>\n<link rel=\"canonical\" href=\"https:\/\/mirokunote.com\/en\/checkout\/\" \/>\n<meta property=\"og:locale\" content=\"en_US\" \/>\n<meta property=\"og:type\" content=\"article\" \/>\n<meta property=\"og:title\" content=\"Checkout - Mirokunote\" \/>\n<meta property=\"og:description\" content=\"R\u00e8glement D\u00e9tails de facturation Pr\u00e9nom&nbsp;* Nom&nbsp;* Nom de l\u2019entreprise&nbsp;(facultatif) Pays\/r\u00e9gion&nbsp;*S\u00e9lectionner un pays\/r\u00e9gion\u2026AfghanistanAfrique du Sud\u00c5land IslandsAlbanieAlg\u00e9rieAllemagneAmerican SamoaAndorreAngolaAnguillaAntarctiqueAntigua-et-BarbudaArabie SaouditeArgentineArm\u00e9nieArubaAustralieAutricheAzerbaijanBahamasBahrainBangladeshBarbadesBelauBelgiqueBelizeBeninBermudesBhutanBi\u00e9lorussieBolivieBosnie-Herz\u00e9govineBotswanaBr\u00e9silBruneiBulgarieBurkina FasoBurundiCambodgeCamerounCanadaCap VertChiliChineChristmas IslandChypreColombieComoresCongo (Brazzaville)Congo (Kinshasa)Cor\u00e9e du NordCor\u00e9e du SudCosta RicaC\u00f4te-d\u2019IvoireCroatieCubaCura\u00e7aoDanemarkDjiboutiDominique\u00c9gypte\u00c9mirats Arabes Unis\u00c9quateurErythr\u00e9eEspagneEstonieEswatiniEtats-Unis (USA)\u00c9thiopieFidjiFinlandeFranceGabonGambieG\u00e9orgieG\u00e9orgie du Sud \/ \u00eeles SandwichGhanaGibraltarGr\u00e8ceGrenadeGroenlandGuadeloupeGuamGuatemalaGuerneseyGuin\u00e9eGuin\u00e9e \u00e9quatorialeGuin\u00e9e-BissauGuyaneGuyane Fran\u00e7aiseHa\u00eftiHondurasHong KongHongrie\u00cele Bouvet\u00cele de Man\u00cele Norfolk\u00celes Ca\u00efmans\u00celes Cocos\u00celes Cook\u00celes Falkland\u00celes F\u00e9ro\u00e9\u00celes Heard-et-MacDonald\u00celes Marshall\u00celes Mineures \u00e9loign\u00e9es des \u00c9tats-Unis\u00celes Salomon\u00celes Turques [&hellip;]\" \/>\n<meta property=\"og:url\" content=\"https:\/\/mirokunote.com\/en\/checkout\/\" \/>\n<meta property=\"og:site_name\" content=\"Mirokunote\" \/>\n<meta property=\"article:modified_time\" content=\"2023-01-30T12:50:12+00:00\" \/>\n<meta name=\"twitter:card\" content=\"summary_large_image\" \/>\n<meta name=\"twitter:label1\" content=\"Est. reading time\" \/>\n\t<meta name=\"twitter:data1\" content=\"3 minutes\" \/>\n<script type=\"application\/ld+json\" class=\"yoast-schema-graph\">{\"@context\":\"https:\/\/schema.org\",\"@graph\":[{\"@type\":\"WebPage\",\"@id\":\"https:\/\/mirokunote.com\/checkout\/\",\"url\":\"https:\/\/mirokunote.com\/checkout\/\",\"name\":\"Checkout - Mirokunote\",\"isPartOf\":{\"@id\":\"https:\/\/mirokunote.com\/#website\"},\"datePublished\":\"2022-12-27T16:19:03+00:00\",\"dateModified\":\"2023-01-30T12:50:12+00:00\",\"breadcrumb\":{\"@id\":\"https:\/\/mirokunote.com\/checkout\/#breadcrumb\"},\"inLanguage\":\"en-US\",\"potentialAction\":[{\"@type\":\"ReadAction\",\"target\":[\"https:\/\/mirokunote.com\/checkout\/\"]}]},{\"@type\":\"BreadcrumbList\",\"@id\":\"https:\/\/mirokunote.com\/checkout\/#breadcrumb\",\"itemListElement\":[{\"@type\":\"ListItem\",\"position\":1,\"name\":\"Accueil\",\"item\":\"https:\/\/mirokunote.com\/\"},{\"@type\":\"ListItem\",\"position\":2,\"name\":\"Checkout\"}]},{\"@type\":\"WebSite\",\"@id\":\"https:\/\/mirokunote.com\/#website\",\"url\":\"https:\/\/mirokunote.com\/\",\"name\":\"Mirokunote\",\"description\":\"Laissez la nature vous combler !\",\"publisher\":{\"@id\":\"https:\/\/mirokunote.com\/#organization\"},\"potentialAction\":[{\"@type\":\"SearchAction\",\"target\":{\"@type\":\"EntryPoint\",\"urlTemplate\":\"https:\/\/mirokunote.com\/?s={search_term_string}\"},\"query-input\":{\"@type\":\"PropertyValueSpecification\",\"valueRequired\":true,\"valueName\":\"search_term_string\"}}],\"inLanguage\":\"en-US\"},{\"@type\":\"Organization\",\"@id\":\"https:\/\/mirokunote.com\/#organization\",\"name\":\"Mirokunote\",\"url\":\"https:\/\/mirokunote.com\/\",\"logo\":{\"@type\":\"ImageObject\",\"inLanguage\":\"en-US\",\"@id\":\"https:\/\/mirokunote.com\/#\/schema\/logo\/image\/\",\"url\":\"https:\/\/mirokunote.com\/wp-content\/uploads\/2022\/12\/MIROKUNOTE-LOGO.png\",\"contentUrl\":\"https:\/\/mirokunote.com\/wp-content\/uploads\/2022\/12\/MIROKUNOTE-LOGO.png\",\"width\":1801,\"height\":1801,\"caption\":\"Mirokunote\"},\"image\":{\"@id\":\"https:\/\/mirokunote.com\/#\/schema\/logo\/image\/\"}}]}<\/script>\n<!-- \/ Yoast SEO plugin. -->","yoast_head_json":{"title":"Checkout - Mirokunote","robots":{"index":"index","follow":"follow","max-snippet":"max-snippet:-1","max-image-preview":"max-image-preview:large","max-video-preview":"max-video-preview:-1"},"canonical":"https:\/\/mirokunote.com\/en\/checkout\/","og_locale":"en_US","og_type":"article","og_title":"Checkout - Mirokunote","og_description":"R\u00e8glement D\u00e9tails de facturation Pr\u00e9nom&nbsp;* Nom&nbsp;* Nom de l\u2019entreprise&nbsp;(facultatif) Pays\/r\u00e9gion&nbsp;*S\u00e9lectionner un pays\/r\u00e9gion\u2026AfghanistanAfrique du Sud\u00c5land IslandsAlbanieAlg\u00e9rieAllemagneAmerican SamoaAndorreAngolaAnguillaAntarctiqueAntigua-et-BarbudaArabie SaouditeArgentineArm\u00e9nieArubaAustralieAutricheAzerbaijanBahamasBahrainBangladeshBarbadesBelauBelgiqueBelizeBeninBermudesBhutanBi\u00e9lorussieBolivieBosnie-Herz\u00e9govineBotswanaBr\u00e9silBruneiBulgarieBurkina FasoBurundiCambodgeCamerounCanadaCap VertChiliChineChristmas IslandChypreColombieComoresCongo (Brazzaville)Congo (Kinshasa)Cor\u00e9e du NordCor\u00e9e du SudCosta RicaC\u00f4te-d\u2019IvoireCroatieCubaCura\u00e7aoDanemarkDjiboutiDominique\u00c9gypte\u00c9mirats Arabes Unis\u00c9quateurErythr\u00e9eEspagneEstonieEswatiniEtats-Unis (USA)\u00c9thiopieFidjiFinlandeFranceGabonGambieG\u00e9orgieG\u00e9orgie du Sud \/ \u00eeles SandwichGhanaGibraltarGr\u00e8ceGrenadeGroenlandGuadeloupeGuamGuatemalaGuerneseyGuin\u00e9eGuin\u00e9e \u00e9quatorialeGuin\u00e9e-BissauGuyaneGuyane Fran\u00e7aiseHa\u00eftiHondurasHong KongHongrie\u00cele Bouvet\u00cele de Man\u00cele Norfolk\u00celes Ca\u00efmans\u00celes Cocos\u00celes Cook\u00celes Falkland\u00celes F\u00e9ro\u00e9\u00celes Heard-et-MacDonald\u00celes Marshall\u00celes Mineures \u00e9loign\u00e9es des \u00c9tats-Unis\u00celes Salomon\u00celes Turques [&hellip;]","og_url":"https:\/\/mirokunote.com\/en\/checkout\/","og_site_name":"Mirokunote","article_modified_time":"2023-01-30T12:50:12+00:00","twitter_card":"summary_large_image","twitter_misc":{"Est. reading time":"3 minutes"},"schema":{"@context":"https:\/\/schema.org","@graph":[{"@type":"WebPage","@id":"https:\/\/mirokunote.com\/checkout\/","url":"https:\/\/mirokunote.com\/checkout\/","name":"Checkout - Mirokunote","isPartOf":{"@id":"https:\/\/mirokunote.com\/#website"},"datePublished":"2022-12-27T16:19:03+00:00","dateModified":"2023-01-30T12:50:12+00:00","breadcrumb":{"@id":"https:\/\/mirokunote.com\/checkout\/#breadcrumb"},"inLanguage":"en-US","potentialAction":[{"@type":"ReadAction","target":["https:\/\/mirokunote.com\/checkout\/"]}]},{"@type":"BreadcrumbList","@id":"https:\/\/mirokunote.com\/checkout\/#breadcrumb","itemListElement":[{"@type":"ListItem","position":1,"name":"Accueil","item":"https:\/\/mirokunote.com\/"},{"@type":"ListItem","position":2,"name":"Checkout"}]},{"@type":"WebSite","@id":"https:\/\/mirokunote.com\/#website","url":"https:\/\/mirokunote.com\/","name":"Mirokunote","description":"Laissez la nature vous combler !","publisher":{"@id":"https:\/\/mirokunote.com\/#organization"},"potentialAction":[{"@type":"SearchAction","target":{"@type":"EntryPoint","urlTemplate":"https:\/\/mirokunote.com\/?s={search_term_string}"},"query-input":{"@type":"PropertyValueSpecification","valueRequired":true,"valueName":"search_term_string"}}],"inLanguage":"en-US"},{"@type":"Organization","@id":"https:\/\/mirokunote.com\/#organization","name":"Mirokunote","url":"https:\/\/mirokunote.com\/","logo":{"@type":"ImageObject","inLanguage":"en-US","@id":"https:\/\/mirokunote.com\/#\/schema\/logo\/image\/","url":"https:\/\/mirokunote.com\/wp-content\/uploads\/2022\/12\/MIROKUNOTE-LOGO.png","contentUrl":"https:\/\/mirokunote.com\/wp-content\/uploads\/2022\/12\/MIROKUNOTE-LOGO.png","width":1801,"height":1801,"caption":"Mirokunote"},"image":{"@id":"https:\/\/mirokunote.com\/#\/schema\/logo\/image\/"}}]}},"_links":{"self":[{"href":"https:\/\/mirokunote.com\/en\/wp-json\/wp\/v2\/pages\/404","targetHints":{"allow":["GET"]}}],"collection":[{"href":"https:\/\/mirokunote.com\/en\/wp-json\/wp\/v2\/pages"}],"about":[{"href":"https:\/\/mirokunote.com\/en\/wp-json\/wp\/v2\/types\/page"}],"author":[{"embeddable":true,"href":"https:\/\/mirokunote.com\/en\/wp-json\/wp\/v2\/users\/1"}],"replies":[{"embeddable":true,"href":"https:\/\/mirokunote.com\/en\/wp-json\/wp\/v2\/comments?post=404"}],"version-history":[{"count":0,"href":"https:\/\/mirokunote.com\/en\/wp-json\/wp\/v2\/pages\/404\/revisions"}],"wp:attachment":[{"href":"https:\/\/mirokunote.com\/en\/wp-json\/wp\/v2\/media?parent=404"}],"curies":[{"name":"wp","href":"https:\/\/api.w.org\/{rel}","templated":true}]}}