{"id":411,"date":"2022-12-27T16:34:43","date_gmt":"2022-12-27T16:34:43","guid":{"rendered":"https:\/\/mirokunote.com\/?page_id=411"},"modified":"2023-01-30T12:45:03","modified_gmt":"2023-01-30T12:45:03","slug":"merci","status":"publish","type":"page","link":"https:\/\/mirokunote.com\/en\/merci\/","title":{"rendered":"Merci"},"content":{"rendered":"\t\t<div data-elementor-type=\"wp-page\" data-elementor-id=\"411\" class=\"elementor elementor-411\" data-elementor-post-type=\"page\">\n\t\t\t\t\t\t<section class=\"elementor-section elementor-top-section elementor-element elementor-element-5bba4d45 elementor-section-boxed elementor-section-height-default elementor-section-height-default\" data-id=\"5bba4d45\" data-element_type=\"section\" data-e-type=\"section\">\n\t\t\t\t\t\t<div class=\"elementor-container elementor-column-gap-default\">\n\t\t\t\t\t<div class=\"elementor-column elementor-col-100 elementor-top-column elementor-element elementor-element-788b46f1\" data-id=\"788b46f1\" data-element_type=\"column\" data-e-type=\"column\">\n\t\t\t<div class=\"elementor-widget-wrap elementor-element-populated\">\n\t\t\t\t\t\t<div class=\"elementor-element elementor-element-7c68398c elementor-widget elementor-widget-text-editor\" data-id=\"7c68398c\" data-element_type=\"widget\" data-e-type=\"widget\" data-widget_type=\"text-editor.default\">\n\t\t\t\t<div class=\"elementor-widget-container\">\n\t\t\t\t\t\t\t\t\t<div class=\"bpa-front-thankyou-module-container\"><div class=\"bpa-front-tmc__head\"><div class=\"bpa-front-tmc__booking-id\"><div>Merci !<\/div><div>\u00a0<\/div><div class=\"bpa-front-bi__label\">Num\u00e9ro de r\u00e9servation: <span class=\"bpa-front-bi__val\">[booking_id]<\/span><\/div><\/div><div class=\"bpa-front-tmc__title\"><div class=\"gmail-bpa-front-tmc__title\">Votre r\u00e9servation est bien pass\u00e9e.<\/div><\/div><div class=\"gmail-bpa-front-tmc__head\"><p>Nous avons envoy\u00e9 toutes les informations la concernant sur votre adresse mail.<\/p><\/div><\/div><div class=\"bpa-front-tmc__summary-content\"><div class=\"bpa-front-tmc__sc-item\"><div class=\"bpa-front-sc-item__label\">Service:<\/div><div class=\"bpa-front-sc-item__val\">[bookingpress_appointment_service]<\/div><\/div><div class=\"bpa-front-tmc__sc-item\"><div class=\"bpa-front-sc-item__label\">Date et heure:<\/div><div class=\"bpa-front-sc-item__val\">[bookingpress_appointment_datetime]<\/div><\/div><div class=\"bpa-front-tmc__sc-item\"><div class=\"bpa-front-sc-item__label\">Pour:<\/div><div class=\"bpa-front-sc-item__val\">[bookingpress_appointment_customername]<\/div><\/div><\/div><\/div>\t\t\t\t\t\t\t\t<\/div>\n\t\t\t\t<\/div>\n\t\t\t\t\t<\/div>\n\t\t<\/div>\n\t\t\t\t\t<\/div>\n\t\t<\/section>\n\t\t\t\t<\/div>\n\t\t","protected":false},"excerpt":{"rendered":"<p>Merci !\u00a0Num\u00e9ro de r\u00e9servation: [booking_id]Votre r\u00e9servation est bien pass\u00e9e. Nous avons envoy\u00e9 toutes les informations la concernant sur votre adresse mail. Service:[bookingpress_appointment_service]Date et heure:[bookingpress_appointment_datetime]Pour:[bookingpress_appointment_customername]<\/p>\n","protected":false},"author":1,"featured_media":0,"parent":0,"menu_order":0,"comment_status":"closed","ping_status":"closed","template":"elementor_header_footer","meta":{"footnotes":""},"class_list":["post-411","page","type-page","status-publish","hentry"],"yoast_head":"<!-- This site is optimized with the Yoast SEO plugin v26.8 - https:\/\/yoast.com\/product\/yoast-seo-wordpress\/ -->\n<title>Merci - Mirokunote<\/title>\n<meta name=\"robots\" content=\"index, follow, max-snippet:-1, max-image-preview:large, max-video-preview:-1\" \/>\n<link rel=\"canonical\" href=\"https:\/\/mirokunote.com\/en\/merci\/\" \/>\n<meta property=\"og:locale\" content=\"en_US\" \/>\n<meta property=\"og:type\" content=\"article\" \/>\n<meta property=\"og:title\" content=\"Merci - Mirokunote\" \/>\n<meta property=\"og:description\" content=\"Merci !\u00a0Num\u00e9ro de r\u00e9servation: [booking_id]Votre r\u00e9servation est bien pass\u00e9e. Nous avons envoy\u00e9 toutes les informations la concernant sur votre adresse mail. Service:[bookingpress_appointment_service]Date et heure:[bookingpress_appointment_datetime]Pour:[bookingpress_appointment_customername]\" \/>\n<meta property=\"og:url\" content=\"https:\/\/mirokunote.com\/en\/merci\/\" \/>\n<meta property=\"og:site_name\" content=\"Mirokunote\" \/>\n<meta property=\"article:modified_time\" content=\"2023-01-30T12:45:03+00:00\" \/>\n<meta name=\"twitter:card\" content=\"summary_large_image\" \/>\n<meta name=\"twitter:label1\" content=\"Est. reading time\" \/>\n\t<meta name=\"twitter:data1\" content=\"1 minute\" \/>\n<script type=\"application\/ld+json\" class=\"yoast-schema-graph\">{\"@context\":\"https:\/\/schema.org\",\"@graph\":[{\"@type\":\"WebPage\",\"@id\":\"https:\/\/mirokunote.com\/merci\/\",\"url\":\"https:\/\/mirokunote.com\/merci\/\",\"name\":\"Merci - Mirokunote\",\"isPartOf\":{\"@id\":\"https:\/\/mirokunote.com\/#website\"},\"datePublished\":\"2022-12-27T16:34:43+00:00\",\"dateModified\":\"2023-01-30T12:45:03+00:00\",\"breadcrumb\":{\"@id\":\"https:\/\/mirokunote.com\/merci\/#breadcrumb\"},\"inLanguage\":\"en-US\",\"potentialAction\":[{\"@type\":\"ReadAction\",\"target\":[\"https:\/\/mirokunote.com\/merci\/\"]}]},{\"@type\":\"BreadcrumbList\",\"@id\":\"https:\/\/mirokunote.com\/merci\/#breadcrumb\",\"itemListElement\":[{\"@type\":\"ListItem\",\"position\":1,\"name\":\"Accueil\",\"item\":\"https:\/\/mirokunote.com\/\"},{\"@type\":\"ListItem\",\"position\":2,\"name\":\"Merci\"}]},{\"@type\":\"WebSite\",\"@id\":\"https:\/\/mirokunote.com\/#website\",\"url\":\"https:\/\/mirokunote.com\/\",\"name\":\"Mirokunote\",\"description\":\"Laissez la nature vous combler !\",\"publisher\":{\"@id\":\"https:\/\/mirokunote.com\/#organization\"},\"potentialAction\":[{\"@type\":\"SearchAction\",\"target\":{\"@type\":\"EntryPoint\",\"urlTemplate\":\"https:\/\/mirokunote.com\/?s={search_term_string}\"},\"query-input\":{\"@type\":\"PropertyValueSpecification\",\"valueRequired\":true,\"valueName\":\"search_term_string\"}}],\"inLanguage\":\"en-US\"},{\"@type\":\"Organization\",\"@id\":\"https:\/\/mirokunote.com\/#organization\",\"name\":\"Mirokunote\",\"url\":\"https:\/\/mirokunote.com\/\",\"logo\":{\"@type\":\"ImageObject\",\"inLanguage\":\"en-US\",\"@id\":\"https:\/\/mirokunote.com\/#\/schema\/logo\/image\/\",\"url\":\"https:\/\/mirokunote.com\/wp-content\/uploads\/2022\/12\/MIROKUNOTE-LOGO.png\",\"contentUrl\":\"https:\/\/mirokunote.com\/wp-content\/uploads\/2022\/12\/MIROKUNOTE-LOGO.png\",\"width\":1801,\"height\":1801,\"caption\":\"Mirokunote\"},\"image\":{\"@id\":\"https:\/\/mirokunote.com\/#\/schema\/logo\/image\/\"}}]}<\/script>\n<!-- \/ Yoast SEO plugin. -->","yoast_head_json":{"title":"Merci - Mirokunote","robots":{"index":"index","follow":"follow","max-snippet":"max-snippet:-1","max-image-preview":"max-image-preview:large","max-video-preview":"max-video-preview:-1"},"canonical":"https:\/\/mirokunote.com\/en\/merci\/","og_locale":"en_US","og_type":"article","og_title":"Merci - Mirokunote","og_description":"Merci !\u00a0Num\u00e9ro de r\u00e9servation: [booking_id]Votre r\u00e9servation est bien pass\u00e9e. Nous avons envoy\u00e9 toutes les informations la concernant sur votre adresse mail. Service:[bookingpress_appointment_service]Date et heure:[bookingpress_appointment_datetime]Pour:[bookingpress_appointment_customername]","og_url":"https:\/\/mirokunote.com\/en\/merci\/","og_site_name":"Mirokunote","article_modified_time":"2023-01-30T12:45:03+00:00","twitter_card":"summary_large_image","twitter_misc":{"Est. reading time":"1 minute"},"schema":{"@context":"https:\/\/schema.org","@graph":[{"@type":"WebPage","@id":"https:\/\/mirokunote.com\/merci\/","url":"https:\/\/mirokunote.com\/merci\/","name":"Merci - Mirokunote","isPartOf":{"@id":"https:\/\/mirokunote.com\/#website"},"datePublished":"2022-12-27T16:34:43+00:00","dateModified":"2023-01-30T12:45:03+00:00","breadcrumb":{"@id":"https:\/\/mirokunote.com\/merci\/#breadcrumb"},"inLanguage":"en-US","potentialAction":[{"@type":"ReadAction","target":["https:\/\/mirokunote.com\/merci\/"]}]},{"@type":"BreadcrumbList","@id":"https:\/\/mirokunote.com\/merci\/#breadcrumb","itemListElement":[{"@type":"ListItem","position":1,"name":"Accueil","item":"https:\/\/mirokunote.com\/"},{"@type":"ListItem","position":2,"name":"Merci"}]},{"@type":"WebSite","@id":"https:\/\/mirokunote.com\/#website","url":"https:\/\/mirokunote.com\/","name":"Mirokunote","description":"Laissez la nature vous combler !","publisher":{"@id":"https:\/\/mirokunote.com\/#organization"},"potentialAction":[{"@type":"SearchAction","target":{"@type":"EntryPoint","urlTemplate":"https:\/\/mirokunote.com\/?s={search_term_string}"},"query-input":{"@type":"PropertyValueSpecification","valueRequired":true,"valueName":"search_term_string"}}],"inLanguage":"en-US"},{"@type":"Organization","@id":"https:\/\/mirokunote.com\/#organization","name":"Mirokunote","url":"https:\/\/mirokunote.com\/","logo":{"@type":"ImageObject","inLanguage":"en-US","@id":"https:\/\/mirokunote.com\/#\/schema\/logo\/image\/","url":"https:\/\/mirokunote.com\/wp-content\/uploads\/2022\/12\/MIROKUNOTE-LOGO.png","contentUrl":"https:\/\/mirokunote.com\/wp-content\/uploads\/2022\/12\/MIROKUNOTE-LOGO.png","width":1801,"height":1801,"caption":"Mirokunote"},"image":{"@id":"https:\/\/mirokunote.com\/#\/schema\/logo\/image\/"}}]}},"_links":{"self":[{"href":"https:\/\/mirokunote.com\/en\/wp-json\/wp\/v2\/pages\/411","targetHints":{"allow":["GET"]}}],"collection":[{"href":"https:\/\/mirokunote.com\/en\/wp-json\/wp\/v2\/pages"}],"about":[{"href":"https:\/\/mirokunote.com\/en\/wp-json\/wp\/v2\/types\/page"}],"author":[{"embeddable":true,"href":"https:\/\/mirokunote.com\/en\/wp-json\/wp\/v2\/users\/1"}],"replies":[{"embeddable":true,"href":"https:\/\/mirokunote.com\/en\/wp-json\/wp\/v2\/comments?post=411"}],"version-history":[{"count":0,"href":"https:\/\/mirokunote.com\/en\/wp-json\/wp\/v2\/pages\/411\/revisions"}],"wp:attachment":[{"href":"https:\/\/mirokunote.com\/en\/wp-json\/wp\/v2\/media?parent=411"}],"curies":[{"name":"wp","href":"https:\/\/api.w.org\/{rel}","templated":true}]}}