{"id":412,"date":"2022-12-27T16:34:43","date_gmt":"2022-12-27T16:34:43","guid":{"rendered":"https:\/\/mirokunote.com\/?page_id=412"},"modified":"2023-01-31T13:17:34","modified_gmt":"2023-01-31T13:17:34","slug":"cancel-appointment","status":"publish","type":"page","link":"https:\/\/mirokunote.com\/en\/cancel-appointment\/","title":{"rendered":"Cancel page"},"content":{"rendered":"<div data-elementor-type=\"wp-page\" data-elementor-id=\"412\" class=\"elementor elementor-412\" data-elementor-post-type=\"page\">\n\t\t\t\t\t\t<section class=\"elementor-section elementor-top-section elementor-element elementor-element-f86cc56 elementor-section-full_width elementor-section-height-full elementor-section-height-default elementor-section-items-middle\" data-id=\"f86cc56\" data-element_type=\"section\" data-e-type=\"section\">\n\t\t\t\t\t\t<div class=\"elementor-container elementor-column-gap-default\">\n\t\t\t\t\t<div class=\"elementor-column elementor-col-100 elementor-top-column elementor-element elementor-element-1cea9057\" data-id=\"1cea9057\" data-element_type=\"column\" data-e-type=\"column\">\n\t\t\t<div class=\"elementor-widget-wrap elementor-element-populated\">\n\t\t\t\t\t\t<div class=\"elementor-element elementor-element-b1e305b elementor-widget elementor-widget-text-editor\" data-id=\"b1e305b\" data-element_type=\"widget\" data-e-type=\"widget\" data-widget_type=\"text-editor.default\">\n\t\t\t\t<div class=\"elementor-widget-container\">\n\t\t\t\t\t\t\t\t\t<p>Vous souhaitez annuler votre r\u00e9servation ? Un mail vous a \u00e9t\u00e9 envoy\u00e9. Il vous suffit de cliquer sur le bouton pour confirmer votre annulation.<\/p>\t\t\t\t\t\t\t\t<\/div>\n\t\t\t\t<\/div>\n\t\t\t\t\t<\/div>\n\t\t<\/div>\n\t\t\t\t\t<\/div>\n\t\t<\/section>\n\t\t\t\t<\/div>","protected":false},"excerpt":{"rendered":"<p>Vous souhaitez annuler votre r\u00e9servation ? Un mail vous a \u00e9t\u00e9 envoy\u00e9. Il vous suffit de cliquer sur le bouton pour confirmer votre annulation.<\/p>","protected":false},"author":1,"featured_media":0,"parent":0,"menu_order":0,"comment_status":"closed","ping_status":"closed","template":"elementor_header_footer","meta":{"footnotes":""},"class_list":["post-412","page","type-page","status-publish","hentry"],"yoast_head":"<!-- This site is optimized with the Yoast SEO plugin v26.8 - https:\/\/yoast.com\/product\/yoast-seo-wordpress\/ -->\n<title>Cancel page - Mirokunote<\/title>\n<meta name=\"robots\" content=\"index, follow, max-snippet:-1, max-image-preview:large, max-video-preview:-1\" \/>\n<link rel=\"canonical\" href=\"https:\/\/mirokunote.com\/en\/cancel-appointment\/\" \/>\n<meta property=\"og:locale\" content=\"en_US\" \/>\n<meta property=\"og:type\" content=\"article\" \/>\n<meta property=\"og:title\" content=\"Cancel page - Mirokunote\" \/>\n<meta property=\"og:description\" content=\"Vous souhaitez annuler votre r\u00e9servation ? Un mail vous a \u00e9t\u00e9 envoy\u00e9. Il vous suffit de cliquer sur le bouton pour confirmer votre annulation.\" \/>\n<meta property=\"og:url\" content=\"https:\/\/mirokunote.com\/en\/cancel-appointment\/\" \/>\n<meta property=\"og:site_name\" content=\"Mirokunote\" \/>\n<meta property=\"article:modified_time\" content=\"2023-01-31T13:17:34+00:00\" \/>\n<meta name=\"twitter:card\" content=\"summary_large_image\" \/>\n<meta name=\"twitter:label1\" content=\"Est. reading time\" \/>\n\t<meta name=\"twitter:data1\" content=\"1 minute\" \/>\n<script type=\"application\/ld+json\" class=\"yoast-schema-graph\">{\"@context\":\"https:\/\/schema.org\",\"@graph\":[{\"@type\":\"WebPage\",\"@id\":\"https:\/\/mirokunote.com\/cancel-appointment\/\",\"url\":\"https:\/\/mirokunote.com\/cancel-appointment\/\",\"name\":\"Cancel page - Mirokunote\",\"isPartOf\":{\"@id\":\"https:\/\/mirokunote.com\/#website\"},\"datePublished\":\"2022-12-27T16:34:43+00:00\",\"dateModified\":\"2023-01-31T13:17:34+00:00\",\"breadcrumb\":{\"@id\":\"https:\/\/mirokunote.com\/cancel-appointment\/#breadcrumb\"},\"inLanguage\":\"en-US\",\"potentialAction\":[{\"@type\":\"ReadAction\",\"target\":[\"https:\/\/mirokunote.com\/cancel-appointment\/\"]}]},{\"@type\":\"BreadcrumbList\",\"@id\":\"https:\/\/mirokunote.com\/cancel-appointment\/#breadcrumb\",\"itemListElement\":[{\"@type\":\"ListItem\",\"position\":1,\"name\":\"Accueil\",\"item\":\"https:\/\/mirokunote.com\/\"},{\"@type\":\"ListItem\",\"position\":2,\"name\":\"Cancel page\"}]},{\"@type\":\"WebSite\",\"@id\":\"https:\/\/mirokunote.com\/#website\",\"url\":\"https:\/\/mirokunote.com\/\",\"name\":\"Mirokunote\",\"description\":\"Laissez la nature vous combler !\",\"publisher\":{\"@id\":\"https:\/\/mirokunote.com\/#organization\"},\"potentialAction\":[{\"@type\":\"SearchAction\",\"target\":{\"@type\":\"EntryPoint\",\"urlTemplate\":\"https:\/\/mirokunote.com\/?s={search_term_string}\"},\"query-input\":{\"@type\":\"PropertyValueSpecification\",\"valueRequired\":true,\"valueName\":\"search_term_string\"}}],\"inLanguage\":\"en-US\"},{\"@type\":\"Organization\",\"@id\":\"https:\/\/mirokunote.com\/#organization\",\"name\":\"Mirokunote\",\"url\":\"https:\/\/mirokunote.com\/\",\"logo\":{\"@type\":\"ImageObject\",\"inLanguage\":\"en-US\",\"@id\":\"https:\/\/mirokunote.com\/#\/schema\/logo\/image\/\",\"url\":\"https:\/\/mirokunote.com\/wp-content\/uploads\/2022\/12\/MIROKUNOTE-LOGO.png\",\"contentUrl\":\"https:\/\/mirokunote.com\/wp-content\/uploads\/2022\/12\/MIROKUNOTE-LOGO.png\",\"width\":1801,\"height\":1801,\"caption\":\"Mirokunote\"},\"image\":{\"@id\":\"https:\/\/mirokunote.com\/#\/schema\/logo\/image\/\"}}]}<\/script>\n<!-- \/ Yoast SEO plugin. -->","yoast_head_json":{"title":"Cancel page - Mirokunote","robots":{"index":"index","follow":"follow","max-snippet":"max-snippet:-1","max-image-preview":"max-image-preview:large","max-video-preview":"max-video-preview:-1"},"canonical":"https:\/\/mirokunote.com\/en\/cancel-appointment\/","og_locale":"en_US","og_type":"article","og_title":"Cancel page - Mirokunote","og_description":"Vous souhaitez annuler votre r\u00e9servation ? Un mail vous a \u00e9t\u00e9 envoy\u00e9. Il vous suffit de cliquer sur le bouton pour confirmer votre annulation.","og_url":"https:\/\/mirokunote.com\/en\/cancel-appointment\/","og_site_name":"Mirokunote","article_modified_time":"2023-01-31T13:17:34+00:00","twitter_card":"summary_large_image","twitter_misc":{"Est. reading time":"1 minute"},"schema":{"@context":"https:\/\/schema.org","@graph":[{"@type":"WebPage","@id":"https:\/\/mirokunote.com\/cancel-appointment\/","url":"https:\/\/mirokunote.com\/cancel-appointment\/","name":"Cancel page - Mirokunote","isPartOf":{"@id":"https:\/\/mirokunote.com\/#website"},"datePublished":"2022-12-27T16:34:43+00:00","dateModified":"2023-01-31T13:17:34+00:00","breadcrumb":{"@id":"https:\/\/mirokunote.com\/cancel-appointment\/#breadcrumb"},"inLanguage":"en-US","potentialAction":[{"@type":"ReadAction","target":["https:\/\/mirokunote.com\/cancel-appointment\/"]}]},{"@type":"BreadcrumbList","@id":"https:\/\/mirokunote.com\/cancel-appointment\/#breadcrumb","itemListElement":[{"@type":"ListItem","position":1,"name":"Accueil","item":"https:\/\/mirokunote.com\/"},{"@type":"ListItem","position":2,"name":"Cancel page"}]},{"@type":"WebSite","@id":"https:\/\/mirokunote.com\/#website","url":"https:\/\/mirokunote.com\/","name":"Mirokunote","description":"Laissez la nature vous combler !","publisher":{"@id":"https:\/\/mirokunote.com\/#organization"},"potentialAction":[{"@type":"SearchAction","target":{"@type":"EntryPoint","urlTemplate":"https:\/\/mirokunote.com\/?s={search_term_string}"},"query-input":{"@type":"PropertyValueSpecification","valueRequired":true,"valueName":"search_term_string"}}],"inLanguage":"en-US"},{"@type":"Organization","@id":"https:\/\/mirokunote.com\/#organization","name":"Mirokunote","url":"https:\/\/mirokunote.com\/","logo":{"@type":"ImageObject","inLanguage":"en-US","@id":"https:\/\/mirokunote.com\/#\/schema\/logo\/image\/","url":"https:\/\/mirokunote.com\/wp-content\/uploads\/2022\/12\/MIROKUNOTE-LOGO.png","contentUrl":"https:\/\/mirokunote.com\/wp-content\/uploads\/2022\/12\/MIROKUNOTE-LOGO.png","width":1801,"height":1801,"caption":"Mirokunote"},"image":{"@id":"https:\/\/mirokunote.com\/#\/schema\/logo\/image\/"}}]}},"_links":{"self":[{"href":"https:\/\/mirokunote.com\/en\/wp-json\/wp\/v2\/pages\/412","targetHints":{"allow":["GET"]}}],"collection":[{"href":"https:\/\/mirokunote.com\/en\/wp-json\/wp\/v2\/pages"}],"about":[{"href":"https:\/\/mirokunote.com\/en\/wp-json\/wp\/v2\/types\/page"}],"author":[{"embeddable":true,"href":"https:\/\/mirokunote.com\/en\/wp-json\/wp\/v2\/users\/1"}],"replies":[{"embeddable":true,"href":"https:\/\/mirokunote.com\/en\/wp-json\/wp\/v2\/comments?post=412"}],"version-history":[{"count":0,"href":"https:\/\/mirokunote.com\/en\/wp-json\/wp\/v2\/pages\/412\/revisions"}],"wp:attachment":[{"href":"https:\/\/mirokunote.com\/en\/wp-json\/wp\/v2\/media?parent=412"}],"curies":[{"name":"wp","href":"https:\/\/api.w.org\/{rel}","templated":true}]}}