{"id":581,"date":"2022-12-28T16:03:38","date_gmt":"2022-12-28T16:03:38","guid":{"rendered":"https:\/\/mirokunote.com\/?page_id=581"},"modified":"2023-08-19T20:06:13","modified_gmt":"2023-08-19T18:06:13","slug":"seminaires","status":"publish","type":"page","link":"https:\/\/mirokunote.com\/en\/seminaires\/","title":{"rendered":"Formation Reiki"},"content":{"rendered":"\t\t<div data-elementor-type=\"wp-page\" data-elementor-id=\"581\" class=\"elementor elementor-581\" data-elementor-post-type=\"page\">\n\t\t\t\t<div class=\"elementor-element elementor-element-06ce7cd e-con-full e-flex e-con e-parent\" data-id=\"06ce7cd\" data-element_type=\"container\" data-e-type=\"container\" data-settings=\"{&quot;background_background&quot;:&quot;classic&quot;,&quot;background_motion_fx_motion_fx_scrolling&quot;:&quot;yes&quot;,&quot;background_motion_fx_translateY_effect&quot;:&quot;yes&quot;,&quot;background_motion_fx_translateY_speed&quot;:{&quot;unit&quot;:&quot;px&quot;,&quot;size&quot;:4,&quot;sizes&quot;:[]},&quot;background_motion_fx_translateY_affectedRange&quot;:{&quot;unit&quot;:&quot;%&quot;,&quot;size&quot;:&quot;&quot;,&quot;sizes&quot;:{&quot;start&quot;:0,&quot;end&quot;:100}},&quot;background_motion_fx_devices&quot;:[&quot;desktop&quot;,&quot;tablet&quot;,&quot;mobile&quot;]}\">\n\t\t<div class=\"elementor-element elementor-element-7431f84 e-con-full e-flex e-con e-child\" data-id=\"7431f84\" data-element_type=\"container\" data-e-type=\"container\">\n\t\t<div class=\"elementor-element elementor-element-a605af0 e-flex e-con-boxed e-con e-child\" data-id=\"a605af0\" data-element_type=\"container\" data-e-type=\"container\" data-settings=\"{&quot;background_background&quot;:&quot;classic&quot;}\">\n\t\t\t\t\t<div class=\"e-con-inner\">\n\t\t\t\t<div class=\"elementor-element elementor-element-0e3efdb elementor-widget elementor-widget-heading\" data-id=\"0e3efdb\" data-element_type=\"widget\" data-e-type=\"widget\" data-widget_type=\"heading.default\">\n\t\t\t\t<div class=\"elementor-widget-container\">\n\t\t\t\t\t<h1 class=\"elementor-heading-title elementor-size-medium\">S\u00e9minaires<\/h1>\t\t\t\t<\/div>\n\t\t\t\t<\/div>\n\t\t\t\t<div class=\"elementor-element elementor-element-a842aa0 elementor-widget-divider--view-line elementor-widget elementor-widget-divider\" data-id=\"a842aa0\" data-element_type=\"widget\" data-e-type=\"widget\" data-widget_type=\"divider.default\">\n\t\t\t\t<div class=\"elementor-widget-container\">\n\t\t\t\t\t\t\t<div class=\"elementor-divider\">\n\t\t\t<span class=\"elementor-divider-separator\">\n\t\t\t\t\t\t<\/span>\n\t\t<\/div>\n\t\t\t\t\t\t<\/div>\n\t\t\t\t<\/div>\n\t\t\t\t<div class=\"elementor-element elementor-element-e0dc1db contactform elementor-widget elementor-widget-text-editor\" data-id=\"e0dc1db\" data-element_type=\"widget\" data-e-type=\"widget\" data-widget_type=\"text-editor.default\">\n\t\t\t\t<div class=\"elementor-widget-container\">\n\t\t\t\t\t\t\t\t\t<p>Vous souhaitez apprendre \u00e0 pratiquer le reiki ? Formez-vous aupr\u00e8s de Fumiyo \u00e0 travers des s\u00e9minaires d&rsquo;un \u00e0 deux jours !<\/p>\t\t\t\t\t\t\t\t<\/div>\n\t\t\t\t<\/div>\n\t\t\t\t\t<\/div>\n\t\t\t\t<\/div>\n\t\t\t\t<\/div>\n\t\t\t\t<\/div>\n\t\t<div class=\"elementor-element elementor-element-e4b3909 e-con-full e-flex e-con e-parent\" data-id=\"e4b3909\" data-element_type=\"container\" data-e-type=\"container\">\n\t\t<div class=\"elementor-element elementor-element-58dd342 e-con-full e-flex e-con e-child\" data-id=\"58dd342\" data-element_type=\"container\" data-e-type=\"container\">\n\t\t<div class=\"elementor-element elementor-element-0fb5718 e-flex e-con-boxed e-con e-child\" data-id=\"0fb5718\" data-element_type=\"container\" data-e-type=\"container\" data-settings=\"{&quot;background_background&quot;:&quot;classic&quot;}\">\n\t\t\t\t\t<div class=\"e-con-inner\">\n\t\t\t\t<div class=\"elementor-element elementor-element-2b5ad59 elementor-widget elementor-widget-heading\" data-id=\"2b5ad59\" data-element_type=\"widget\" data-e-type=\"widget\" data-widget_type=\"heading.default\">\n\t\t\t\t<div class=\"elementor-widget-container\">\n\t\t\t\t\t<h2 class=\"elementor-heading-title elementor-size-default\">Shoden (\u521d\u50b3) - Formation Reiki Niveau 1<\/h2>\t\t\t\t<\/div>\n\t\t\t\t<\/div>\n\t\t\t\t<div class=\"elementor-element elementor-element-5850960 elementor-widget-divider--view-line elementor-widget elementor-widget-divider\" data-id=\"5850960\" data-element_type=\"widget\" data-e-type=\"widget\" data-widget_type=\"divider.default\">\n\t\t\t\t<div class=\"elementor-widget-container\">\n\t\t\t\t\t\t\t<div class=\"elementor-divider\">\n\t\t\t<span class=\"elementor-divider-separator\">\n\t\t\t\t\t\t<\/span>\n\t\t<\/div>\n\t\t\t\t\t\t<\/div>\n\t\t\t\t<\/div>\n\t\t\t\t<div class=\"elementor-element elementor-element-15bf5a3 elementor-widget elementor-widget-text-editor\" data-id=\"15bf5a3\" data-element_type=\"widget\" data-e-type=\"widget\" data-widget_type=\"text-editor.default\">\n\t\t\t\t<div class=\"elementor-widget-container\">\n\t\t\t\t\t\t\t\t\t<p>La formation Jikiden Reiki constitue le premier niveau de cette pratique. Elle vous permet de d\u00e9velopper la capacit\u00e9 de traiter les probl\u00e8mes physiques et d&rsquo;acqu\u00e9rir les outils n\u00e9cessaires pour am\u00e9liorer votre corps et votre esprit, ainsi que ceux des autres. Pour de nombreuses personnes, cette formation repr\u00e9sente une exp\u00e9rience qui change leur vie.\u00a0<\/p><p>D\u00e9couvrez la magie du Reiki et apprenez \u00e0 la transmettre \u00e0 d&rsquo;autres. Aucun pr\u00e9-requis n&rsquo;est n\u00e9cessaire pour apprendre le niveau Shoden et aucune exp\u00e9rience pr\u00e9alable du Reiki n&rsquo;est requise. Cependant, nous demandons que tous les candidats aient plus de 16 ans (des exceptions peuvent \u00eatre envisag\u00e9es dans certaines circonstances).<\/p>\t\t\t\t\t\t\t\t<\/div>\n\t\t\t\t<\/div>\n\t\t\t\t<div class=\"elementor-element elementor-element-a14f033 elementor-widget elementor-widget-toggle\" data-id=\"a14f033\" data-element_type=\"widget\" data-e-type=\"widget\" data-settings=\"{&quot;_animation&quot;:&quot;none&quot;}\" data-widget_type=\"toggle.default\">\n\t\t\t\t<div class=\"elementor-widget-container\">\n\t\t\t\t\t\t\t<div class=\"elementor-toggle\">\n\t\t\t\t\t\t\t<div class=\"elementor-toggle-item\">\n\t\t\t\t\t<h3 id=\"elementor-tab-title-1691\" class=\"elementor-tab-title\" data-tab=\"1\" role=\"button\" aria-controls=\"elementor-tab-content-1691\" aria-expanded=\"false\">\n\t\t\t\t\t\t\t\t\t\t\t\t<span class=\"elementor-toggle-icon elementor-toggle-icon-left\" aria-hidden=\"true\">\n\t\t\t\t\t\t\t\t\t\t\t\t\t\t\t<span class=\"elementor-toggle-icon-closed\"><svg class=\"e-font-icon-svg e-fas-chevron-down\" viewBox=\"0 0 448 512\" xmlns=\"http:\/\/www.w3.org\/2000\/svg\"><path d=\"M207.029 381.476L12.686 187.132c-9.373-9.373-9.373-24.569 0-33.941l22.667-22.667c9.357-9.357 24.522-9.375 33.901-.04L224 284.505l154.745-154.021c9.379-9.335 24.544-9.317 33.901.04l22.667 22.667c9.373 9.373 9.373 24.569 0 33.941L240.971 381.476c-9.373 9.372-24.569 9.372-33.942 0z\"><\/path><\/svg><\/span>\n\t\t\t\t\t\t\t\t<span class=\"elementor-toggle-icon-opened\"><svg class=\"elementor-toggle-icon-opened e-font-icon-svg e-fas-chevron-up\" viewBox=\"0 0 448 512\" xmlns=\"http:\/\/www.w3.org\/2000\/svg\"><path d=\"M240.971 130.524l194.343 194.343c9.373 9.373 9.373 24.569 0 33.941l-22.667 22.667c-9.357 9.357-24.522 9.375-33.901.04L224 227.495 69.255 381.516c-9.379 9.335-24.544 9.317-33.901-.04l-22.667-22.667c-9.373-9.373-9.373-24.569 0-33.941L207.03 130.525c9.372-9.373 24.568-9.373 33.941-.001z\"><\/path><\/svg><\/span>\n\t\t\t\t\t\t\t\t\t\t\t\t\t<\/span>\n\t\t\t\t\t\t\t\t\t\t\t\t<a class=\"elementor-toggle-title\" tabindex=\"0\">D\u00e9couvrir le programme<\/a>\n\t\t\t\t\t<\/h3>\n\n\t\t\t\t\t<div id=\"elementor-tab-content-1691\" class=\"elementor-tab-content elementor-clearfix\" data-tab=\"1\" role=\"region\" aria-labelledby=\"elementor-tab-title-1691\"><div>&#8211; Histoire du Reiki<\/div><div>&#8211; Les cinq principes du Reiki (gokai)<\/div><div>&#8211; En savoir plus sur Reiju, ce qu&rsquo;il fait et recevoir Reiju<\/div><div>&#8211; Explication du caract\u00e8re japonais du Reiki et de sa signification<\/div><div>&#8211; Apprenez ce qu&rsquo;est le Reiki et comment il fonctionne<\/div><div>&#8211; D\u00e9couvrez comment vous pouvez donner un traitement Reiki<\/div><div>&#8211; Apprenez le concept de \u00ab Byosen \u00bb et comment rechercher les zones probl\u00e9matiques dans le corps du receveur<\/div><div>&#8211; La technique de rajeunissement du sang (Ketsueki Kokan Ho)<\/div><div>&#8211; Techniques de premiers secours<\/div><div>&#8211; Exercices pour pratiquer le Reiki seul<\/div><div>&#8211; Nettoyage \u00e9quilibr\u00e9 et processus de nettoyage naturel du corps<\/div><div>&#8211;\u00a0 Apprenez le premier Reiki shirushi (symbole), ce qu&rsquo;il signifie, comment l&rsquo;utiliser et quand<\/div><div>&#8211; S\u00e9ances pratiques pour donner et recevoir des soins Reiki<\/div><div>\u00a0<\/div><div>Apr\u00e8s Shoden, vous pouvez passer \u00e0 Okuden (niveau 2). Cela vous donnera des outils de traitement suppl\u00e9mentaires, y compris un traitement psychologique et des m\u00e9thodes de traitement \u00e0 distance.<\/div><\/div>\n\t\t\t\t<\/div>\n\t\t\t\t\t\t\t\t<\/div>\n\t\t\t\t\t\t<\/div>\n\t\t\t\t<\/div>\n\t\t\t\t\t<\/div>\n\t\t\t\t<\/div>\n\t\t<div class=\"elementor-element elementor-element-dfed8c5 e-flex e-con-boxed e-con e-child\" data-id=\"dfed8c5\" data-element_type=\"container\" data-e-type=\"container\" data-settings=\"{&quot;background_background&quot;:&quot;classic&quot;}\">\n\t\t\t\t\t<div class=\"e-con-inner\">\n\t\t\t\t<div class=\"elementor-element elementor-element-68b913f elementor-widget elementor-widget-heading\" data-id=\"68b913f\" data-element_type=\"widget\" data-e-type=\"widget\" data-widget_type=\"heading.default\">\n\t\t\t\t<div class=\"elementor-widget-container\">\n\t\t\t\t\t<h2 class=\"elementor-heading-title elementor-size-default\">Okuden (\u5965\u50b3) - Formation Reiki Niveau 2\n<\/h2>\t\t\t\t<\/div>\n\t\t\t\t<\/div>\n\t\t\t\t<div class=\"elementor-element elementor-element-6db0c5b elementor-widget-divider--view-line elementor-widget elementor-widget-divider\" data-id=\"6db0c5b\" data-element_type=\"widget\" data-e-type=\"widget\" data-widget_type=\"divider.default\">\n\t\t\t\t<div class=\"elementor-widget-container\">\n\t\t\t\t\t\t\t<div class=\"elementor-divider\">\n\t\t\t<span class=\"elementor-divider-separator\">\n\t\t\t\t\t\t<\/span>\n\t\t<\/div>\n\t\t\t\t\t\t<\/div>\n\t\t\t\t<\/div>\n\t\t\t\t<div class=\"elementor-element elementor-element-bb68477 elementor-widget elementor-widget-text-editor\" data-id=\"bb68477\" data-element_type=\"widget\" data-e-type=\"widget\" data-widget_type=\"text-editor.default\">\n\t\t\t\t<div class=\"elementor-widget-container\">\n\t\t\t\t\t\t\t\t\t<p>La formation Jikiden Reiki Okuden (niveau 2) est fortement recommand\u00e9e pour ceux qui souhaitent approfondir leur pratique du Reiki et acqu\u00e9rir des comp\u00e9tences avanc\u00e9es. Cette \u00e9tape de la formation vous permettra d&rsquo;explorer en profondeur les aspects psychologiques du Reiki, vous permettant ainsi de traiter efficacement des probl\u00e8mes \u00e9motionnels et mentaux.\u00a0<\/p><p>Gr\u00e2ce \u00e0 la formation Okuden, vous apprendrez \u00e0 ma\u00eetriser les techniques de traitement \u00e0 distance, ce qui vous offrira une flexibilit\u00e9 accrue dans votre pratique. Vous pourrez envoyer des soins \u00e9nerg\u00e9tiques \u00e0 vos proches, peu importe o\u00f9 ils se trouvent. C&rsquo;est une \u00e9tape essentielle pour ceux qui aspirent \u00e0 une ma\u00eetrise plus profonde du Reiki.<\/p>\t\t\t\t\t\t\t\t<\/div>\n\t\t\t\t<\/div>\n\t\t\t\t<div class=\"elementor-element elementor-element-17bf918 elementor-widget elementor-widget-toggle\" data-id=\"17bf918\" data-element_type=\"widget\" data-e-type=\"widget\" data-settings=\"{&quot;_animation&quot;:&quot;none&quot;}\" data-widget_type=\"toggle.default\">\n\t\t\t\t<div class=\"elementor-widget-container\">\n\t\t\t\t\t\t\t<div class=\"elementor-toggle\">\n\t\t\t\t\t\t\t<div class=\"elementor-toggle-item\">\n\t\t\t\t\t<h3 id=\"elementor-tab-title-2491\" class=\"elementor-tab-title\" data-tab=\"1\" role=\"button\" aria-controls=\"elementor-tab-content-2491\" aria-expanded=\"false\">\n\t\t\t\t\t\t\t\t\t\t\t\t<span class=\"elementor-toggle-icon elementor-toggle-icon-left\" aria-hidden=\"true\">\n\t\t\t\t\t\t\t\t\t\t\t\t\t\t\t<span class=\"elementor-toggle-icon-closed\"><svg class=\"e-font-icon-svg e-fas-chevron-down\" viewBox=\"0 0 448 512\" xmlns=\"http:\/\/www.w3.org\/2000\/svg\"><path d=\"M207.029 381.476L12.686 187.132c-9.373-9.373-9.373-24.569 0-33.941l22.667-22.667c9.357-9.357 24.522-9.375 33.901-.04L224 284.505l154.745-154.021c9.379-9.335 24.544-9.317 33.901.04l22.667 22.667c9.373 9.373 9.373 24.569 0 33.941L240.971 381.476c-9.373 9.372-24.569 9.372-33.942 0z\"><\/path><\/svg><\/span>\n\t\t\t\t\t\t\t\t<span class=\"elementor-toggle-icon-opened\"><svg class=\"elementor-toggle-icon-opened e-font-icon-svg e-fas-chevron-up\" viewBox=\"0 0 448 512\" xmlns=\"http:\/\/www.w3.org\/2000\/svg\"><path d=\"M240.971 130.524l194.343 194.343c9.373 9.373 9.373 24.569 0 33.941l-22.667 22.667c-9.357 9.357-24.522 9.375-33.901.04L224 227.495 69.255 381.516c-9.379 9.335-24.544 9.317-33.901-.04l-22.667-22.667c-9.373-9.373-9.373-24.569 0-33.941L207.03 130.525c9.372-9.373 24.568-9.373 33.941-.001z\"><\/path><\/svg><\/span>\n\t\t\t\t\t\t\t\t\t\t\t\t\t<\/span>\n\t\t\t\t\t\t\t\t\t\t\t\t<a class=\"elementor-toggle-title\" tabindex=\"0\">D\u00e9couvrir le programme<\/a>\n\t\t\t\t\t<\/h3>\n\n\t\t\t\t\t<div id=\"elementor-tab-content-2491\" class=\"elementor-tab-content elementor-clearfix\" data-tab=\"1\" role=\"region\" aria-labelledby=\"elementor-tab-title-2491\"><p>&#8211; Recevez 2 autres Reiju<br \/>&#8211; Comment utiliser le Reiki sp\u00e9cifiquement pour les probl\u00e8mes psychologiques<br \/>&#8211; Reiki \u00e0 distance<br \/>&#8211; Variations de la m\u00e9thode Reiki \u00e0 distance pour un auto-traitement plus facile, y compris pour les probl\u00e8mes psychologiques.<br \/>&#8211; S\u00e9ances d&rsquo;entra\u00eenement et d\u00e9monstrations pratiques<br \/><br \/>Vous devez terminer le niveau Shoden avant de pouvoir passer le niveau Okuden. Il peut \u00eatre pris ensemble juste apr\u00e8s l&rsquo;entra\u00eenement au niveau Shoden. Apr\u00e8s la formation, vous recevrez un certificat de style anglais. Plus un beau certificat de style japonais d\u00e9livr\u00e9 par l&rsquo;Institut Jikiden. Vous serez en mesure de traiter une plus grande vari\u00e9t\u00e9 de probl\u00e8mes avec plus de commodit\u00e9 pour vous et ceux \u00e0 qui vous donnez le Reiki. Vous pouvez \u00e9galement poursuivre votre d\u00e9veloppement et devenir professeur assistant (Shihan Kaku).<\/p><\/div>\n\t\t\t\t<\/div>\n\t\t\t\t\t\t\t\t<\/div>\n\t\t\t\t\t\t<\/div>\n\t\t\t\t<\/div>\n\t\t\t\t\t<\/div>\n\t\t\t\t<\/div>\n\t\t\t\t<\/div>\n\t\t\t\t<div class=\"elementor-element elementor-element-cc92eb5 elementor-widget elementor-widget-shortcode\" data-id=\"cc92eb5\" data-element_type=\"widget\" data-e-type=\"widget\" data-widget_type=\"shortcode.default\">\n\t\t\t\t<div class=\"elementor-widget-container\">\n\t\t\t\t\t\t\t<div class=\"elementor-shortcode\"><script>\n  if (typeof hasAmeliaEvent === 'undefined') {\n    var hasAmeliaEvent = true;\n  }\n  if (typeof hasEventApiCall === 'undefined' && '' === '') {\n    var hasEventApiCall = true;\n  }\n  var hasEventShortcode = (typeof hasEventShortcode === 'undefined') ? false : true;\n  var bookingEntitiesIds = (typeof bookingEntitiesIds === 'undefined') ? [] : bookingEntitiesIds;\n  bookingEntitiesIds.push(\n    {\n      'hasApiCall': (typeof hasEventApiCall !== 'undefined') && hasEventApiCall,\n      'trigger': '',\n      'counter': '0',\n      'employee': '',\n      'eventId': '',\n      'eventRecurring': 0,\n      'eventTag': \"S\u00e9minaire\"\n    }\n  );\n  var lazyBookingEntitiesIds = (typeof lazyBookingEntitiesIds === 'undefined') ? [] : lazyBookingEntitiesIds;\n  if (bookingEntitiesIds[bookingEntitiesIds.length - 1].trigger !== '') {\n    lazyBookingEntitiesIds.push(bookingEntitiesIds.pop());\n  }\n  if (typeof hasEventApiCall !== 'undefined' && hasEventApiCall) {\n    hasEventApiCall = false;\n  }\n<\/script>\n\n<div id=\"amelia-app-booking0\" class=\"amelia-service amelia-frontend amelia-app-booking\">\n    <events-list><\/events-list><\/div>\n<\/div>\n\t\t\t\t\t\t<\/div>\n\t\t\t\t<\/div>\n\t\t\t\t<\/div>\n\t\t\t\t<\/div>\n\t\t","protected":false},"excerpt":{"rendered":"<p>Vous souhaitez apprendre \u00e0 pratiquer le Reiki ? Formez-vous aupr\u00e8s de Fumiyo \u00e0 travers des s\u00e9minaires d&rsquo;un \u00e0 deux jours !<\/p>","protected":false},"author":1,"featured_media":0,"parent":0,"menu_order":0,"comment_status":"closed","ping_status":"closed","template":"elementor_header_footer","meta":{"footnotes":""},"class_list":["post-581","page","type-page","status-publish","hentry"],"yoast_head":"<!-- This site is optimized with the Yoast SEO plugin v26.8 - https:\/\/yoast.com\/product\/yoast-seo-wordpress\/ -->\n<title>Formation Reiki - Mirokunote<\/title>\n<meta name=\"description\" content=\"Rejoignez notre formation Reiki : devenez praticien et offrez des s\u00e9ances de gu\u00e9rison \u00e9nerg\u00e9tique \u00e0 vos clients.\" \/>\n<meta name=\"robots\" content=\"index, follow, max-snippet:-1, max-image-preview:large, max-video-preview:-1\" \/>\n<link rel=\"canonical\" href=\"https:\/\/mirokunote.com\/en\/seminaires\/\" \/>\n<meta property=\"og:locale\" content=\"en_US\" \/>\n<meta property=\"og:type\" content=\"article\" \/>\n<meta property=\"og:title\" content=\"Formation Reiki - Mirokunote\" \/>\n<meta property=\"og:description\" content=\"Rejoignez notre formation Reiki : devenez praticien et offrez des s\u00e9ances de gu\u00e9rison \u00e9nerg\u00e9tique \u00e0 vos clients.\" \/>\n<meta property=\"og:url\" content=\"https:\/\/mirokunote.com\/en\/seminaires\/\" \/>\n<meta property=\"og:site_name\" content=\"Mirokunote\" \/>\n<meta property=\"article:modified_time\" content=\"2023-08-19T18:06:13+00:00\" \/>\n<meta property=\"og:image\" content=\"https:\/\/mirokunote.com\/wp-content\/uploads\/2023\/07\/Fumiyo-Seance.jpg\" \/>\n\t<meta property=\"og:image:width\" content=\"1600\" \/>\n\t<meta property=\"og:image:height\" content=\"1200\" \/>\n\t<meta property=\"og:image:type\" content=\"image\/jpeg\" \/>\n<meta name=\"twitter:card\" content=\"summary_large_image\" \/>\n<meta name=\"twitter:label1\" content=\"Est. reading time\" \/>\n\t<meta name=\"twitter:data1\" content=\"3 minutes\" \/>\n<script type=\"application\/ld+json\" class=\"yoast-schema-graph\">{\"@context\":\"https:\/\/schema.org\",\"@graph\":[{\"@type\":\"WebPage\",\"@id\":\"https:\/\/mirokunote.com\/seminaires\/\",\"url\":\"https:\/\/mirokunote.com\/seminaires\/\",\"name\":\"Formation Reiki - Mirokunote\",\"isPartOf\":{\"@id\":\"https:\/\/mirokunote.com\/#website\"},\"datePublished\":\"2022-12-28T16:03:38+00:00\",\"dateModified\":\"2023-08-19T18:06:13+00:00\",\"description\":\"Rejoignez notre formation Reiki : devenez praticien et offrez des s\u00e9ances de gu\u00e9rison \u00e9nerg\u00e9tique \u00e0 vos clients.\",\"breadcrumb\":{\"@id\":\"https:\/\/mirokunote.com\/seminaires\/#breadcrumb\"},\"inLanguage\":\"en-US\",\"potentialAction\":[{\"@type\":\"ReadAction\",\"target\":[\"https:\/\/mirokunote.com\/seminaires\/\"]}]},{\"@type\":\"BreadcrumbList\",\"@id\":\"https:\/\/mirokunote.com\/seminaires\/#breadcrumb\",\"itemListElement\":[{\"@type\":\"ListItem\",\"position\":1,\"name\":\"Accueil\",\"item\":\"https:\/\/mirokunote.com\/\"},{\"@type\":\"ListItem\",\"position\":2,\"name\":\"Formation Reiki\"}]},{\"@type\":\"WebSite\",\"@id\":\"https:\/\/mirokunote.com\/#website\",\"url\":\"https:\/\/mirokunote.com\/\",\"name\":\"Mirokunote\",\"description\":\"Laissez la nature vous combler !\",\"publisher\":{\"@id\":\"https:\/\/mirokunote.com\/#organization\"},\"potentialAction\":[{\"@type\":\"SearchAction\",\"target\":{\"@type\":\"EntryPoint\",\"urlTemplate\":\"https:\/\/mirokunote.com\/?s={search_term_string}\"},\"query-input\":{\"@type\":\"PropertyValueSpecification\",\"valueRequired\":true,\"valueName\":\"search_term_string\"}}],\"inLanguage\":\"en-US\"},{\"@type\":\"Organization\",\"@id\":\"https:\/\/mirokunote.com\/#organization\",\"name\":\"Mirokunote\",\"url\":\"https:\/\/mirokunote.com\/\",\"logo\":{\"@type\":\"ImageObject\",\"inLanguage\":\"en-US\",\"@id\":\"https:\/\/mirokunote.com\/#\/schema\/logo\/image\/\",\"url\":\"https:\/\/mirokunote.com\/wp-content\/uploads\/2022\/12\/MIROKUNOTE-LOGO.png\",\"contentUrl\":\"https:\/\/mirokunote.com\/wp-content\/uploads\/2022\/12\/MIROKUNOTE-LOGO.png\",\"width\":1801,\"height\":1801,\"caption\":\"Mirokunote\"},\"image\":{\"@id\":\"https:\/\/mirokunote.com\/#\/schema\/logo\/image\/\"}}]}<\/script>\n<!-- \/ Yoast SEO plugin. -->","yoast_head_json":{"title":"Formation Reiki - Mirokunote","description":"Rejoignez notre formation Reiki : devenez praticien et offrez des s\u00e9ances de gu\u00e9rison \u00e9nerg\u00e9tique \u00e0 vos clients.","robots":{"index":"index","follow":"follow","max-snippet":"max-snippet:-1","max-image-preview":"max-image-preview:large","max-video-preview":"max-video-preview:-1"},"canonical":"https:\/\/mirokunote.com\/en\/seminaires\/","og_locale":"en_US","og_type":"article","og_title":"Formation Reiki - Mirokunote","og_description":"Rejoignez notre formation Reiki : devenez praticien et offrez des s\u00e9ances de gu\u00e9rison \u00e9nerg\u00e9tique \u00e0 vos clients.","og_url":"https:\/\/mirokunote.com\/en\/seminaires\/","og_site_name":"Mirokunote","article_modified_time":"2023-08-19T18:06:13+00:00","og_image":[{"width":1600,"height":1200,"url":"https:\/\/mirokunote.com\/wp-content\/uploads\/2023\/07\/Fumiyo-Seance.jpg","type":"image\/jpeg"}],"twitter_card":"summary_large_image","twitter_misc":{"Est. reading time":"3 minutes"},"schema":{"@context":"https:\/\/schema.org","@graph":[{"@type":"WebPage","@id":"https:\/\/mirokunote.com\/seminaires\/","url":"https:\/\/mirokunote.com\/seminaires\/","name":"Formation Reiki - Mirokunote","isPartOf":{"@id":"https:\/\/mirokunote.com\/#website"},"datePublished":"2022-12-28T16:03:38+00:00","dateModified":"2023-08-19T18:06:13+00:00","description":"Rejoignez notre formation Reiki : devenez praticien et offrez des s\u00e9ances de gu\u00e9rison \u00e9nerg\u00e9tique \u00e0 vos clients.","breadcrumb":{"@id":"https:\/\/mirokunote.com\/seminaires\/#breadcrumb"},"inLanguage":"en-US","potentialAction":[{"@type":"ReadAction","target":["https:\/\/mirokunote.com\/seminaires\/"]}]},{"@type":"BreadcrumbList","@id":"https:\/\/mirokunote.com\/seminaires\/#breadcrumb","itemListElement":[{"@type":"ListItem","position":1,"name":"Accueil","item":"https:\/\/mirokunote.com\/"},{"@type":"ListItem","position":2,"name":"Formation Reiki"}]},{"@type":"WebSite","@id":"https:\/\/mirokunote.com\/#website","url":"https:\/\/mirokunote.com\/","name":"Mirokunote","description":"Laissez la nature vous combler !","publisher":{"@id":"https:\/\/mirokunote.com\/#organization"},"potentialAction":[{"@type":"SearchAction","target":{"@type":"EntryPoint","urlTemplate":"https:\/\/mirokunote.com\/?s={search_term_string}"},"query-input":{"@type":"PropertyValueSpecification","valueRequired":true,"valueName":"search_term_string"}}],"inLanguage":"en-US"},{"@type":"Organization","@id":"https:\/\/mirokunote.com\/#organization","name":"Mirokunote","url":"https:\/\/mirokunote.com\/","logo":{"@type":"ImageObject","inLanguage":"en-US","@id":"https:\/\/mirokunote.com\/#\/schema\/logo\/image\/","url":"https:\/\/mirokunote.com\/wp-content\/uploads\/2022\/12\/MIROKUNOTE-LOGO.png","contentUrl":"https:\/\/mirokunote.com\/wp-content\/uploads\/2022\/12\/MIROKUNOTE-LOGO.png","width":1801,"height":1801,"caption":"Mirokunote"},"image":{"@id":"https:\/\/mirokunote.com\/#\/schema\/logo\/image\/"}}]}},"_links":{"self":[{"href":"https:\/\/mirokunote.com\/en\/wp-json\/wp\/v2\/pages\/581","targetHints":{"allow":["GET"]}}],"collection":[{"href":"https:\/\/mirokunote.com\/en\/wp-json\/wp\/v2\/pages"}],"about":[{"href":"https:\/\/mirokunote.com\/en\/wp-json\/wp\/v2\/types\/page"}],"author":[{"embeddable":true,"href":"https:\/\/mirokunote.com\/en\/wp-json\/wp\/v2\/users\/1"}],"replies":[{"embeddable":true,"href":"https:\/\/mirokunote.com\/en\/wp-json\/wp\/v2\/comments?post=581"}],"version-history":[{"count":0,"href":"https:\/\/mirokunote.com\/en\/wp-json\/wp\/v2\/pages\/581\/revisions"}],"wp:attachment":[{"href":"https:\/\/mirokunote.com\/en\/wp-json\/wp\/v2\/media?parent=581"}],"curies":[{"name":"wp","href":"https:\/\/api.w.org\/{rel}","templated":true}]}}